{"id":6102,"date":"2024-12-16T17:35:26","date_gmt":"2024-12-16T16:35:26","guid":{"rendered":"https:\/\/ladianaclubdecaza.com\/politica-de-privacidade\/"},"modified":"2024-12-16T17:35:26","modified_gmt":"2024-12-16T16:35:26","slug":"politica-de-privacidade","status":"publish","type":"page","link":"https:\/\/ladianaclubdecaza.com\/pt-pt\/politica-de-privacidade\/","title":{"rendered":"Pol\u00edtica de privacidade"},"content":{"rendered":"\n<!-- Legal document generated by Complianz | GDPR\/CCPA Cookie Consent https:\/\/wordpress.org\/plugins\/complianz-gdpr -->\n<div id=\"cmplz-document\" class=\"cmplz-document privacy-statement cmplz-document-eu\"><p><i>Esta declara\u00e7\u00e3o de privacidade foi atualizada pela \u00faltima vez em 7 de Maio, 2025 e se aplica a cidad\u00e3os e residentes legais permanentes do Espa\u00e7o Econ\u00f3mico Europeu e Su\u00ed\u00e7a.<\/i><br \/><br \/><\/p><p><p>Nesta declara\u00e7\u00e3o de privacidade, explicamos o que fazemos com os dados que obtemos sobre si por meio de <a href=\"https:\/\/ladianaclubdecaza.com\/pt-pt\/\">https:\/\/ladianaclubdecaza.com\/pt-pt\/<\/a>. Recomendamos que leia atentamente esta declara\u00e7\u00e3o. No nosso processamento, cumprimos os requisitos da legisla\u00e7\u00e3o de privacidade. Isso significa, entre outras coisas, que:<\/p><ul>\n                <li>declaramos claramente as finalidades para as quais processamos dados pessoais. Fazemos isso por meio desta declara\u00e7\u00e3o de privacidade;<\/li>\n                <li>pretendemos limitar a nossa recolha de dados pessoais apenas aos dados pessoais necess\u00e1rios para fins leg\u00edtimos;<\/li>\n                <li>primeiro solicitamos o seu consentimento expl\u00edcito para processar os seus dados pessoais nos casos que requerem o seu consentimento;<\/li>\n                <li>tomamos medidas de seguran\u00e7a adequadas para proteger os seus dados pessoais e tamb\u00e9m exigimos isso de partes que processam dados pessoais em nosso nome;<\/li>\n                <li>respeitamos o seu direito de aceder aos seus dados pessoais, corrigi-los ou apag\u00e1-los, a seu pedido.<\/li>\n            <\/ul><p>Se tiver alguma d\u00favida ou quiser saber exatamente quais dados mantemos de si, entre em contacto connosco.<\/p><\/p><h2>1. Objetivo, dados e per\u00edodo de reten\u00e7\u00e3o<\/h2>Podemos recolher ou receber informa\u00e7\u00f5es pessoais para v\u00e1rios fins relacionados a nossas opera\u00e7\u00f5es comerciais, que podem incluir o seguinte: (clique para expandir)<details class=\"cmplz-dropdown dropdown-privacy-statement\"><summary><div><h3>1.1 Contacto - Atrav\u00e9s de telefone, correio, e-mail e\/ou formul\u00e1rios web<\/h3><\/div><\/summary><p class=\"cmplz-subtitle\">Para tanto, usamos os seguintes dados:<\/p><p><ul><li>Um nome e apelido<\/li><li>Nome da conta ou apelido<\/li><li>Uma casa ou outro endere\u00e7o f\u00edsico, incluindo nome de rua e nome da cidade<\/li><li>Um endere\u00e7o de e-mail<\/li><li>Um n\u00famero de telefone<\/li><li>Informa\u00e7\u00f5es financeiras, como n\u00famero de conta banc\u00e1ria ou n\u00famero do cart\u00e3o de cr\u00e9dito<\/li><li>Data de nascimento<\/li><li>N\u00famero do Cart\u00e3o de Cidad\u00e3o<\/li><\/ul><\/p><p class=\"cmplz-subtitle\">A base na qual podemos processar esses dados \u00e9:<\/p><p><a target=\"_blank\" rel=\"noopener noreferrer nofollow\" href=\"https:\/\/cookiedatabase.org\/legal-bases\/#consent\">Mediante a concess\u00e3o do consentimento.<\/a><\/p><p class=\"cmplz-subtitle\">Per\u00edodo de reten\u00e7\u00e3o<\/p><p>Retemos esses dados at\u00e9 que o servi\u00e7o seja encerrado.<\/p><\/details><details class=\"cmplz-dropdown dropdown-privacy-statement\"><summary><div><h3>1.2 Compilar e analisar estat\u00edsticas para melhoria do site.<\/h3><\/div><\/summary><p class=\"cmplz-subtitle\">Para tanto, usamos os seguintes dados:<\/p><p><ul><li>Informa\u00e7\u00f5es sobre atividades na internet, incluindo, mas n\u00e3o se limitando a, hist\u00f3rico de navega\u00e7\u00e3o, hist\u00f3rico de pesquisa e informa\u00e7\u00f5es sobre a intera\u00e7\u00e3o de um consumidor com um site, aplicativo ou an\u00fancio na internet<\/li><\/ul><\/p><p class=\"cmplz-subtitle\">A base na qual podemos processar esses dados \u00e9:<\/p><p><a target=\"_blank\" rel=\"noopener noreferrer nofollow\" href=\"https:\/\/cookiedatabase.org\/legal-bases\/#consent\">Mediante a concess\u00e3o do consentimento.<\/a><\/p><p class=\"cmplz-subtitle\">Per\u00edodo de reten\u00e7\u00e3o<\/p><p>Retemos esses dados at\u00e9 que o servi\u00e7o seja encerrado.<\/p><\/details><details class=\"cmplz-dropdown dropdown-privacy-statement\"><summary><div><h3>1.3 Registando uma conta<\/h3><\/div><\/summary><p class=\"cmplz-subtitle\">Para tanto, usamos os seguintes dados:<\/p><p><ul><li>Um nome e apelido<\/li><li>Uma casa ou outro endere\u00e7o f\u00edsico, incluindo nome de rua e nome da cidade<\/li><li>Um endere\u00e7o de e-mail<\/li><li>Um n\u00famero de telefone<\/li><li>Informa\u00e7\u00f5es financeiras, como n\u00famero de conta banc\u00e1ria ou n\u00famero do cart\u00e3o de cr\u00e9dito<\/li><li>Data de nascimento<\/li><li>N\u00famero do Cart\u00e3o de Cidad\u00e3o<\/li><\/ul><\/p><p class=\"cmplz-subtitle\">A base na qual podemos processar esses dados \u00e9:<\/p><p><a target=\"_blank\" rel=\"noopener noreferrer nofollow\" href=\"https:\/\/cookiedatabase.org\/legal-bases\/#consent\">Mediante a concess\u00e3o do consentimento.<\/a><\/p><p class=\"cmplz-subtitle\">Per\u00edodo de reten\u00e7\u00e3o<\/p><p>Retemos esses dados at\u00e9 que o servi\u00e7o seja encerrado.<\/p><\/details><h2>2. Partilha com outras partes<\/h2><p>Apenas partilhamos ou divulgamos esses dados com processadores para os seguintes fins:<\/p><h2>3. Cookies<\/h2><p>O nosso site usa cookies. Para obter mais informa\u00e7\u00f5es sobre cookies, consulte a nossa <a href=\"https:\/\/ladianaclubdecaza.com\/politica-de-cookies\/\">Pol\u00edtica de Cookies<\/a>.&nbsp;<\/p><h2>4. Pr\u00e1ticas de divulga\u00e7\u00e3o<\/h2><p><p>Divulgamos informa\u00e7\u00f5es pessoais se formos obrigados por lei ou por ordem judicial, em resposta a uma ag\u00eancia de aplica\u00e7\u00e3o da lei, na medida permitida por outras disposi\u00e7\u00f5es da lei, para fornecer informa\u00e7\u00f5es ou para uma investiga\u00e7\u00e3o sobre um assunto relacionado \u00e0 seguran\u00e7a p\u00fablica.<\/p><p>Se o nosso site ou organiza\u00e7\u00e3o for adquirido, vendido ou estiver envolvido numa fus\u00e3o ou aquisi\u00e7\u00e3o, os seus dados poder\u00e3o ser divulgados aos nossos consultores e a quaisquer potenciais compradores e ser\u00e3o repassados \u200b\u200baos novos propriet\u00e1rios.<\/p><\/p><p>Conclu\u00edmos um Acordo de Processamento de dados com o Google.<\/p><p>O Google n\u00e3o pode usar os dados para nenhum outro servi\u00e7o do Google.<\/p><p>A inclus\u00e3o de endere\u00e7os IP completos \u00e9 bloqueada por n\u00f3s.<\/p><h2>5. Seguran\u00e7a<\/h2><p>Estamos comprometidos com a seguran\u00e7a dos dados pessoais. Tomamos medidas de seguran\u00e7a adequadas para limitar o abuso e o acesso n\u00e3o autorizado aos dados pessoais. Isso garante que apenas as pessoas necess\u00e1rias tenham acesso aos seus dados, que o acesso aos dados seja protegido e que as nossas medidas de seguran\u00e7a sejam revistas regularmente.<\/p><h2>6. Sites de terceiros<\/h2><p>Esta declara\u00e7\u00e3o de privacidade n\u00e3o se aplica a sites de terceiros ligados por links do nosso site. N\u00e3o podemos garantir que esses terceiros manuseiem os seus dados pessoais de maneira confi\u00e1vel ou segura. Recomendamos que leia as declara\u00e7\u00f5es de privacidade desses sites antes de fazer uso deles.<\/p><h2>7. Altera\u00e7\u00f5es a esta declara\u00e7\u00e3o de privacidade<\/h2><p>Reservamo-nos o direito de fazer altera\u00e7\u00f5es a esta declara\u00e7\u00e3o de privacidade. \u00c9 recomend\u00e1vel que consulte esta declara\u00e7\u00e3o de privacidade regularmente, a fim de estar ciente de quaisquer altera\u00e7\u00f5es. Al\u00e9m disso, iremos inform\u00e1-lo ativamente sempre que poss\u00edvel.<\/p><h2>8. Acedendo e modificando os seus dados<\/h2><p>Se tiver alguma d\u00favida ou quiser saber quais dados pessoais temos sobre si, entre em contacto connosco. Pode-nos contactar usando as informa\u00e7\u00f5es abaixo. Tem os seguintes direitos:<\/p><ul>\n                <li>Tem o direito de saber por que seus dados pessoais s\u00e3o necess\u00e1rios, o que acontecer\u00e1 com eles e por quanto tempo ser\u00e3o retidos.<\/li>\n                <li>Direito de acesso: tem o direito de aceder aos seus dados pessoais que s\u00e3o conhecidos por n\u00f3s.<\/li>\n                <li>Direito \u00e0 retifica\u00e7\u00e3o: tem o direito de complementar, corrigir, excluir ou bloquear os seus dados pessoais sempre que desejar.<\/li>\n                <li>Se nos der o seu consentimento para processar os seus dados, tem o direito de revogar esse consentimento e de ter os seus dados pessoais eliminados.<\/li>\n                <li>Direito de transferir os seus dados: tem o direito de pedir todos os seus dados pessoais ao controlador e transferi-los integralmente para outro controlador.<\/li>\n                <li>Direito de contestar: pode-se opor ao processamento dos seus dados. Cumprimos isso, a menos que haja motivos justificados para o processamento.<\/li>\n            <\/ul><p>Certifique-se de sempre declarar claramente quem \u00e9, para que possamos ter a certeza de que n\u00e3o modificaremos ou excluiremos quaisquer dados da pessoa errada.<\/p><h2>9. Enviar uma reclama\u00e7\u00e3o<\/h2><p>Se n\u00e3o estiver satisfeito com a forma como tratamos (uma reclama\u00e7\u00e3o sobre) o processamento dos seus dados pessoais, tem o direito de apresentar uma reclama\u00e7\u00e3o \u00e0 Autoridade de Prote\u00e7\u00e3o de Dados.<\/p><h2>10. Detalhes do contacto<\/h2><p>Licencias Caza<br \/>\n        C\/ Mar\u00eda Ll\u00e1cer 5 bajo<br \/>\n        Espanha<br \/>\n        Local na rede Internet: <a href=\"https:\/\/ladianaclubdecaza.com\/pt-pt\/\">https:\/\/ladianaclubdecaza.com\/pt-pt\/<\/a> <br \/>\n        E-mail: <span class=\"cmplz-obfuscate\">l&#097;d&#105;&#097;&#110;&#097;&#099;lu&#098;&#100;eca&#122;&#097;@<span class=\"cmplz-fmail-domain\">ex&#046;&#099;om<\/span>&#108;&#105;c&#101;nc&#105;&#097;s&#052;x66.&#099;om<\/span> <br \/>\n        Telefone: 96 381 68 22<\/p><\/div>\n","protected":false},"excerpt":{"rendered":"","protected":false},"author":1,"featured_media":0,"parent":0,"menu_order":0,"comment_status":"closed","ping_status":"closed","template":"","meta":{"_acf_changed":false,"footnotes":""},"class_list":["post-6102","page","type-page","status-publish","hentry"],"acf":[],"yoast_head":"<!-- This site is optimized with the Yoast SEO plugin v27.3 - https:\/\/yoast.com\/product\/yoast-seo-wordpress\/ -->\n<title>Pol\u00edtica de privacidade - Armer\u00eda la Diana<\/title>\n<meta name=\"description\" content=\"...\" \/>\n<meta name=\"robots\" content=\"index, follow, max-snippet:-1, max-image-preview:large, max-video-preview:-1\" \/>\n<link rel=\"canonical\" href=\"https:\/\/ladianaclubdecaza.com\/pt-pt\/politica-de-privacidade\/\" \/>\n<meta property=\"og:locale\" content=\"pt_PT\" \/>\n<meta property=\"og:type\" content=\"article\" \/>\n<meta property=\"og:title\" content=\"Pol\u00edtica de privacidade - Armer\u00eda la Diana\" \/>\n<meta property=\"og:description\" content=\"...\" \/>\n<meta property=\"og:url\" content=\"https:\/\/ladianaclubdecaza.com\/pt-pt\/politica-de-privacidade\/\" \/>\n<meta property=\"og:site_name\" content=\"Armer\u00eda la Diana\" \/>\n<meta name=\"twitter:card\" content=\"summary_large_image\" \/>\n<script type=\"application\/ld+json\" class=\"yoast-schema-graph\">{\"@context\":\"https:\\\/\\\/schema.org\",\"@graph\":[{\"@type\":\"WebPage\",\"@id\":\"https:\\\/\\\/ladianaclubdecaza.com\\\/pt-pt\\\/politica-de-privacidade\\\/\",\"url\":\"https:\\\/\\\/ladianaclubdecaza.com\\\/pt-pt\\\/politica-de-privacidade\\\/\",\"name\":\"Pol\u00edtica de privacidade - Armer\u00eda la Diana\",\"isPartOf\":{\"@id\":\"https:\\\/\\\/ladianaclubdecaza.com\\\/pt-pt\\\/#website\"},\"datePublished\":\"2024-12-16T16:35:26+00:00\",\"description\":\"...\",\"breadcrumb\":{\"@id\":\"https:\\\/\\\/ladianaclubdecaza.com\\\/pt-pt\\\/politica-de-privacidade\\\/#breadcrumb\"},\"inLanguage\":\"pt-PT\",\"potentialAction\":[{\"@type\":\"ReadAction\",\"target\":[\"https:\\\/\\\/ladianaclubdecaza.com\\\/pt-pt\\\/politica-de-privacidade\\\/\"]}]},{\"@type\":\"BreadcrumbList\",\"@id\":\"https:\\\/\\\/ladianaclubdecaza.com\\\/pt-pt\\\/politica-de-privacidade\\\/#breadcrumb\",\"itemListElement\":[{\"@type\":\"ListItem\",\"position\":1,\"name\":\"Inicio\",\"item\":\"https:\\\/\\\/ladianaclubdecaza.com\\\/pt-pt\\\/\"},{\"@type\":\"ListItem\",\"position\":2,\"name\":\"Pol\u00edtica de privacidade\"}]},{\"@type\":\"WebSite\",\"@id\":\"https:\\\/\\\/ladianaclubdecaza.com\\\/pt-pt\\\/#website\",\"url\":\"https:\\\/\\\/ladianaclubdecaza.com\\\/pt-pt\\\/\",\"name\":\"Armer\u00eda la Diana\",\"description\":\"Club Ca\u00e7a grossa\",\"publisher\":{\"@id\":\"https:\\\/\\\/ladianaclubdecaza.com\\\/pt-pt\\\/#organization\"},\"potentialAction\":[{\"@type\":\"SearchAction\",\"target\":{\"@type\":\"EntryPoint\",\"urlTemplate\":\"https:\\\/\\\/ladianaclubdecaza.com\\\/pt-pt\\\/?s={search_term_string}\"},\"query-input\":{\"@type\":\"PropertyValueSpecification\",\"valueRequired\":true,\"valueName\":\"search_term_string\"}}],\"inLanguage\":\"pt-PT\"},{\"@type\":\"Organization\",\"@id\":\"https:\\\/\\\/ladianaclubdecaza.com\\\/pt-pt\\\/#organization\",\"name\":\"Armer\u00eda la Diana\",\"url\":\"https:\\\/\\\/ladianaclubdecaza.com\\\/pt-pt\\\/\",\"logo\":{\"@type\":\"ImageObject\",\"inLanguage\":\"pt-PT\",\"@id\":\"https:\\\/\\\/ladianaclubdecaza.com\\\/pt-pt\\\/#\\\/schema\\\/logo\\\/image\\\/\",\"url\":\"https:\\\/\\\/ladianaclubdecaza.com\\\/wp-content\\\/uploads\\\/2024\\\/12\\\/Logo_LD.png\",\"contentUrl\":\"https:\\\/\\\/ladianaclubdecaza.com\\\/wp-content\\\/uploads\\\/2024\\\/12\\\/Logo_LD.png\",\"width\":310,\"height\":100,\"caption\":\"Armer\u00eda la Diana\"},\"image\":{\"@id\":\"https:\\\/\\\/ladianaclubdecaza.com\\\/pt-pt\\\/#\\\/schema\\\/logo\\\/image\\\/\"}}]}<\/script>\n<!-- \/ Yoast SEO plugin. -->","yoast_head_json":{"title":"Pol\u00edtica de privacidade - Armer\u00eda la Diana","description":"...","robots":{"index":"index","follow":"follow","max-snippet":"max-snippet:-1","max-image-preview":"max-image-preview:large","max-video-preview":"max-video-preview:-1"},"canonical":"https:\/\/ladianaclubdecaza.com\/pt-pt\/politica-de-privacidade\/","og_locale":"pt_PT","og_type":"article","og_title":"Pol\u00edtica de privacidade - Armer\u00eda la Diana","og_description":"...","og_url":"https:\/\/ladianaclubdecaza.com\/pt-pt\/politica-de-privacidade\/","og_site_name":"Armer\u00eda la Diana","twitter_card":"summary_large_image","schema":{"@context":"https:\/\/schema.org","@graph":[{"@type":"WebPage","@id":"https:\/\/ladianaclubdecaza.com\/pt-pt\/politica-de-privacidade\/","url":"https:\/\/ladianaclubdecaza.com\/pt-pt\/politica-de-privacidade\/","name":"Pol\u00edtica de privacidade - Armer\u00eda la Diana","isPartOf":{"@id":"https:\/\/ladianaclubdecaza.com\/pt-pt\/#website"},"datePublished":"2024-12-16T16:35:26+00:00","description":"...","breadcrumb":{"@id":"https:\/\/ladianaclubdecaza.com\/pt-pt\/politica-de-privacidade\/#breadcrumb"},"inLanguage":"pt-PT","potentialAction":[{"@type":"ReadAction","target":["https:\/\/ladianaclubdecaza.com\/pt-pt\/politica-de-privacidade\/"]}]},{"@type":"BreadcrumbList","@id":"https:\/\/ladianaclubdecaza.com\/pt-pt\/politica-de-privacidade\/#breadcrumb","itemListElement":[{"@type":"ListItem","position":1,"name":"Inicio","item":"https:\/\/ladianaclubdecaza.com\/pt-pt\/"},{"@type":"ListItem","position":2,"name":"Pol\u00edtica de privacidade"}]},{"@type":"WebSite","@id":"https:\/\/ladianaclubdecaza.com\/pt-pt\/#website","url":"https:\/\/ladianaclubdecaza.com\/pt-pt\/","name":"Armer\u00eda la Diana","description":"Club Ca\u00e7a grossa","publisher":{"@id":"https:\/\/ladianaclubdecaza.com\/pt-pt\/#organization"},"potentialAction":[{"@type":"SearchAction","target":{"@type":"EntryPoint","urlTemplate":"https:\/\/ladianaclubdecaza.com\/pt-pt\/?s={search_term_string}"},"query-input":{"@type":"PropertyValueSpecification","valueRequired":true,"valueName":"search_term_string"}}],"inLanguage":"pt-PT"},{"@type":"Organization","@id":"https:\/\/ladianaclubdecaza.com\/pt-pt\/#organization","name":"Armer\u00eda la Diana","url":"https:\/\/ladianaclubdecaza.com\/pt-pt\/","logo":{"@type":"ImageObject","inLanguage":"pt-PT","@id":"https:\/\/ladianaclubdecaza.com\/pt-pt\/#\/schema\/logo\/image\/","url":"https:\/\/ladianaclubdecaza.com\/wp-content\/uploads\/2024\/12\/Logo_LD.png","contentUrl":"https:\/\/ladianaclubdecaza.com\/wp-content\/uploads\/2024\/12\/Logo_LD.png","width":310,"height":100,"caption":"Armer\u00eda la Diana"},"image":{"@id":"https:\/\/ladianaclubdecaza.com\/pt-pt\/#\/schema\/logo\/image\/"}}]}},"_links":{"self":[{"href":"https:\/\/ladianaclubdecaza.com\/pt-pt\/wp-json\/wp\/v2\/pages\/6102","targetHints":{"allow":["GET"]}}],"collection":[{"href":"https:\/\/ladianaclubdecaza.com\/pt-pt\/wp-json\/wp\/v2\/pages"}],"about":[{"href":"https:\/\/ladianaclubdecaza.com\/pt-pt\/wp-json\/wp\/v2\/types\/page"}],"author":[{"embeddable":true,"href":"https:\/\/ladianaclubdecaza.com\/pt-pt\/wp-json\/wp\/v2\/users\/1"}],"replies":[{"embeddable":true,"href":"https:\/\/ladianaclubdecaza.com\/pt-pt\/wp-json\/wp\/v2\/comments?post=6102"}],"version-history":[{"count":0,"href":"https:\/\/ladianaclubdecaza.com\/pt-pt\/wp-json\/wp\/v2\/pages\/6102\/revisions"}],"wp:attachment":[{"href":"https:\/\/ladianaclubdecaza.com\/pt-pt\/wp-json\/wp\/v2\/media?parent=6102"}],"curies":[{"name":"wp","href":"https:\/\/api.w.org\/{rel}","templated":true}]}}