{"id":6096,"date":"2024-12-16T17:35:26","date_gmt":"2024-12-16T16:35:26","guid":{"rendered":"https:\/\/ladianaclubdecaza.com\/avertissement-legal\/"},"modified":"2024-12-16T17:35:26","modified_gmt":"2024-12-16T16:35:26","slug":"avertissement-legal","status":"publish","type":"page","link":"https:\/\/ladianaclubdecaza.com\/pt-pt\/avertissement-legal\/","title":{"rendered":"Avertissement l\u00e9gal"},"content":{"rendered":"\n<!-- Legal document generated by Complianz | GDPR\/CCPA Cookie Consent https:\/\/wordpress.org\/plugins\/complianz-gdpr -->\n<div id=\"cmplz-document\" class=\"cmplz-document impressum cmplz-document-all\"><p><i>Este imprint foi atualizado pela \u00faltima vez em 7 de Maio, 2025.<\/i><\/p><p class=\"cmplz-subtitle\">O propriet\u00e1rio deste site \u00e9:<\/p><p>Licencias Caza SL<br>C\/ Mar\u00eda Ll\u00e1cer 5 bajo<br>Espanha<br>E-mail:&nbsp;<span class=\"cmplz-obfuscate\">&#108;a&#100;&#105;&#097;&#110;&#097;cl&#117;&#098;&#100;&#101;caza@<span class=\"cmplz-fmail-domain\">ex.c&#111;m<\/span>&#108;&#105;&#099;en&#099;i&#097;s&#052;x&#054;&#054;.c&#111;&#109;<\/span><br>Telefone: 96 381 68 22<br>NIF:&nbsp;B98719156<\/p><h2>1. Geral<\/h2><p>N\u00e3o estamos dispostos ou somos obrigados a participar de procedimentos de resolu\u00e7\u00e3o de lit\u00edgios perante um conselho de arbitragem de consumidores.<\/p><h2>2. Informa\u00e7\u00e3o adicional<\/h2><p>El presente sitio web: \u201chttps:\/\/www.ladianaclubdecaza.com\u201d es propiedad de Licencias Caza S.L., con domicilio en \" C\/Mar\u00eda Ll\u00e1cer 5, bajo derecha, 46007. Valencia con CIF: B98719156\"<br \/>\n<br \/>\nEl acceso a estos sitios web implica la aceptaci\u00f3n expresa del usuario a las presentes Condiciones de Uso, que podr\u00e1n ser modificadas o actualizadas por el titular en cualquier momento y sin previo aviso.<br \/>\n<br \/>\n<h2>Propiedad Intelectual e Industrial<\/h2><br \/>\n<br \/>\nLos contenidos, documentaci\u00f3n, programaci\u00f3n\/c\u00f3digo de los presentes sitios web, as\u00ed como las im\u00e1genes, gr\u00e1ficos, marcas, logos y dise\u00f1o, son propiedad de Licencias Caza SL y est\u00e1n debidamente protegidos conforme a la normativa espa\u00f1ola e internacional sobre Propiedad Intelectual e Industrial. Las personas o entidades que remitan cualquier tipo de informaci\u00f3n o contenido a Licencias Caza SL se comprometen a que dicha informaci\u00f3n sea veraz y que no infrinja los derechos de terceros ni sea contraria a la ley y el orden p\u00fablico.<br \/>\n<br \/>\nSi crees que cualquier contenido y\/o informaci\u00f3n en estos sitios web vulnera un derecho leg\u00edtimo o la normativa vigente, no dudes en ponerte en contacto con nosotros:<br \/>\n<br \/>\nDirecci\u00f3n: C\/Mar\u00eda Ll\u00e1cer 5, bajo derecha, Valencia<br \/>\nTel\u00e9fono: +34 96 381 68 22.<br \/>\nCorreo electr\u00f3nico: ladianaclubdecaza@licencias4x66.com<br \/>\n<br \/>\n<h2>Jurisdicci\u00f3n<\/h2><br \/>\n<br \/>\nCualquier controversia o conflicto que pudiera derivarse de la interpretaci\u00f3n y cumplimiento de estas Condiciones de Uso ser\u00e1 sometido a la jurisdicci\u00f3n de los Juzgados y Tribunales de Valencia (Espa\u00f1a).<br \/>\n<\/p><\/div>\n","protected":false},"excerpt":{"rendered":"","protected":false},"author":1,"featured_media":0,"parent":0,"menu_order":0,"comment_status":"closed","ping_status":"closed","template":"","meta":{"_acf_changed":false,"footnotes":""},"class_list":["post-6096","page","type-page","status-publish","hentry"],"acf":[],"yoast_head":"<!-- This site is optimized with the Yoast SEO plugin v27.3 - https:\/\/yoast.com\/product\/yoast-seo-wordpress\/ -->\n<title>Avertissement l\u00e9gal - Armer\u00eda la Diana<\/title>\n<meta name=\"description\" content=\"...\" \/>\n<meta name=\"robots\" content=\"index, follow, max-snippet:-1, max-image-preview:large, max-video-preview:-1\" \/>\n<link rel=\"canonical\" href=\"https:\/\/ladianaclubdecaza.com\/pt-pt\/avertissement-legal\/\" \/>\n<meta property=\"og:locale\" content=\"pt_PT\" \/>\n<meta property=\"og:type\" content=\"article\" \/>\n<meta property=\"og:title\" content=\"Avertissement l\u00e9gal - Armer\u00eda la Diana\" \/>\n<meta property=\"og:description\" content=\"...\" \/>\n<meta property=\"og:url\" content=\"https:\/\/ladianaclubdecaza.com\/pt-pt\/avertissement-legal\/\" \/>\n<meta property=\"og:site_name\" content=\"Armer\u00eda la Diana\" \/>\n<meta name=\"twitter:card\" content=\"summary_large_image\" \/>\n<script type=\"application\/ld+json\" class=\"yoast-schema-graph\">{\"@context\":\"https:\\\/\\\/schema.org\",\"@graph\":[{\"@type\":\"WebPage\",\"@id\":\"https:\\\/\\\/ladianaclubdecaza.com\\\/pt-pt\\\/avertissement-legal\\\/\",\"url\":\"https:\\\/\\\/ladianaclubdecaza.com\\\/pt-pt\\\/avertissement-legal\\\/\",\"name\":\"Avertissement l\u00e9gal - Armer\u00eda la Diana\",\"isPartOf\":{\"@id\":\"https:\\\/\\\/ladianaclubdecaza.com\\\/pt-pt\\\/#website\"},\"datePublished\":\"2024-12-16T16:35:26+00:00\",\"description\":\"...\",\"breadcrumb\":{\"@id\":\"https:\\\/\\\/ladianaclubdecaza.com\\\/pt-pt\\\/avertissement-legal\\\/#breadcrumb\"},\"inLanguage\":\"pt-PT\",\"potentialAction\":[{\"@type\":\"ReadAction\",\"target\":[\"https:\\\/\\\/ladianaclubdecaza.com\\\/pt-pt\\\/avertissement-legal\\\/\"]}]},{\"@type\":\"BreadcrumbList\",\"@id\":\"https:\\\/\\\/ladianaclubdecaza.com\\\/pt-pt\\\/avertissement-legal\\\/#breadcrumb\",\"itemListElement\":[{\"@type\":\"ListItem\",\"position\":1,\"name\":\"Inicio\",\"item\":\"https:\\\/\\\/ladianaclubdecaza.com\\\/pt-pt\\\/\"},{\"@type\":\"ListItem\",\"position\":2,\"name\":\"Avertissement l\u00e9gal\"}]},{\"@type\":\"WebSite\",\"@id\":\"https:\\\/\\\/ladianaclubdecaza.com\\\/pt-pt\\\/#website\",\"url\":\"https:\\\/\\\/ladianaclubdecaza.com\\\/pt-pt\\\/\",\"name\":\"Armer\u00eda la Diana\",\"description\":\"Club Ca\u00e7a grossa\",\"publisher\":{\"@id\":\"https:\\\/\\\/ladianaclubdecaza.com\\\/pt-pt\\\/#organization\"},\"potentialAction\":[{\"@type\":\"SearchAction\",\"target\":{\"@type\":\"EntryPoint\",\"urlTemplate\":\"https:\\\/\\\/ladianaclubdecaza.com\\\/pt-pt\\\/?s={search_term_string}\"},\"query-input\":{\"@type\":\"PropertyValueSpecification\",\"valueRequired\":true,\"valueName\":\"search_term_string\"}}],\"inLanguage\":\"pt-PT\"},{\"@type\":\"Organization\",\"@id\":\"https:\\\/\\\/ladianaclubdecaza.com\\\/pt-pt\\\/#organization\",\"name\":\"Armer\u00eda la Diana\",\"url\":\"https:\\\/\\\/ladianaclubdecaza.com\\\/pt-pt\\\/\",\"logo\":{\"@type\":\"ImageObject\",\"inLanguage\":\"pt-PT\",\"@id\":\"https:\\\/\\\/ladianaclubdecaza.com\\\/pt-pt\\\/#\\\/schema\\\/logo\\\/image\\\/\",\"url\":\"https:\\\/\\\/ladianaclubdecaza.com\\\/wp-content\\\/uploads\\\/2024\\\/12\\\/Logo_LD.png\",\"contentUrl\":\"https:\\\/\\\/ladianaclubdecaza.com\\\/wp-content\\\/uploads\\\/2024\\\/12\\\/Logo_LD.png\",\"width\":310,\"height\":100,\"caption\":\"Armer\u00eda la Diana\"},\"image\":{\"@id\":\"https:\\\/\\\/ladianaclubdecaza.com\\\/pt-pt\\\/#\\\/schema\\\/logo\\\/image\\\/\"}}]}<\/script>\n<!-- \/ Yoast SEO plugin. -->","yoast_head_json":{"title":"Avertissement l\u00e9gal - Armer\u00eda la Diana","description":"...","robots":{"index":"index","follow":"follow","max-snippet":"max-snippet:-1","max-image-preview":"max-image-preview:large","max-video-preview":"max-video-preview:-1"},"canonical":"https:\/\/ladianaclubdecaza.com\/pt-pt\/avertissement-legal\/","og_locale":"pt_PT","og_type":"article","og_title":"Avertissement l\u00e9gal - Armer\u00eda la Diana","og_description":"...","og_url":"https:\/\/ladianaclubdecaza.com\/pt-pt\/avertissement-legal\/","og_site_name":"Armer\u00eda la Diana","twitter_card":"summary_large_image","schema":{"@context":"https:\/\/schema.org","@graph":[{"@type":"WebPage","@id":"https:\/\/ladianaclubdecaza.com\/pt-pt\/avertissement-legal\/","url":"https:\/\/ladianaclubdecaza.com\/pt-pt\/avertissement-legal\/","name":"Avertissement l\u00e9gal - Armer\u00eda la Diana","isPartOf":{"@id":"https:\/\/ladianaclubdecaza.com\/pt-pt\/#website"},"datePublished":"2024-12-16T16:35:26+00:00","description":"...","breadcrumb":{"@id":"https:\/\/ladianaclubdecaza.com\/pt-pt\/avertissement-legal\/#breadcrumb"},"inLanguage":"pt-PT","potentialAction":[{"@type":"ReadAction","target":["https:\/\/ladianaclubdecaza.com\/pt-pt\/avertissement-legal\/"]}]},{"@type":"BreadcrumbList","@id":"https:\/\/ladianaclubdecaza.com\/pt-pt\/avertissement-legal\/#breadcrumb","itemListElement":[{"@type":"ListItem","position":1,"name":"Inicio","item":"https:\/\/ladianaclubdecaza.com\/pt-pt\/"},{"@type":"ListItem","position":2,"name":"Avertissement l\u00e9gal"}]},{"@type":"WebSite","@id":"https:\/\/ladianaclubdecaza.com\/pt-pt\/#website","url":"https:\/\/ladianaclubdecaza.com\/pt-pt\/","name":"Armer\u00eda la Diana","description":"Club Ca\u00e7a grossa","publisher":{"@id":"https:\/\/ladianaclubdecaza.com\/pt-pt\/#organization"},"potentialAction":[{"@type":"SearchAction","target":{"@type":"EntryPoint","urlTemplate":"https:\/\/ladianaclubdecaza.com\/pt-pt\/?s={search_term_string}"},"query-input":{"@type":"PropertyValueSpecification","valueRequired":true,"valueName":"search_term_string"}}],"inLanguage":"pt-PT"},{"@type":"Organization","@id":"https:\/\/ladianaclubdecaza.com\/pt-pt\/#organization","name":"Armer\u00eda la Diana","url":"https:\/\/ladianaclubdecaza.com\/pt-pt\/","logo":{"@type":"ImageObject","inLanguage":"pt-PT","@id":"https:\/\/ladianaclubdecaza.com\/pt-pt\/#\/schema\/logo\/image\/","url":"https:\/\/ladianaclubdecaza.com\/wp-content\/uploads\/2024\/12\/Logo_LD.png","contentUrl":"https:\/\/ladianaclubdecaza.com\/wp-content\/uploads\/2024\/12\/Logo_LD.png","width":310,"height":100,"caption":"Armer\u00eda la Diana"},"image":{"@id":"https:\/\/ladianaclubdecaza.com\/pt-pt\/#\/schema\/logo\/image\/"}}]}},"_links":{"self":[{"href":"https:\/\/ladianaclubdecaza.com\/pt-pt\/wp-json\/wp\/v2\/pages\/6096","targetHints":{"allow":["GET"]}}],"collection":[{"href":"https:\/\/ladianaclubdecaza.com\/pt-pt\/wp-json\/wp\/v2\/pages"}],"about":[{"href":"https:\/\/ladianaclubdecaza.com\/pt-pt\/wp-json\/wp\/v2\/types\/page"}],"author":[{"embeddable":true,"href":"https:\/\/ladianaclubdecaza.com\/pt-pt\/wp-json\/wp\/v2\/users\/1"}],"replies":[{"embeddable":true,"href":"https:\/\/ladianaclubdecaza.com\/pt-pt\/wp-json\/wp\/v2\/comments?post=6096"}],"version-history":[{"count":0,"href":"https:\/\/ladianaclubdecaza.com\/pt-pt\/wp-json\/wp\/v2\/pages\/6096\/revisions"}],"wp:attachment":[{"href":"https:\/\/ladianaclubdecaza.com\/pt-pt\/wp-json\/wp\/v2\/media?parent=6096"}],"curies":[{"name":"wp","href":"https:\/\/api.w.org\/{rel}","templated":true}]}}