{"id":5237,"date":"2017-05-23T13:37:16","date_gmt":"2017-05-23T11:37:16","guid":{"rendered":"https:\/\/ladianaclubdecaza.com\/sorteios-enviados-e-proximos-sorteios\/"},"modified":"2026-03-10T14:18:59","modified_gmt":"2026-03-10T13:18:59","slug":"sorteios-enviados-e-proximos-sorteios","status":"publish","type":"page","link":"https:\/\/ladianaclubdecaza.com\/pt-pt\/sorteios-enviados-e-proximos-sorteios\/","title":{"rendered":"Sorteios realizados e futuros"},"content":{"rendered":"\t\t<div data-elementor-type=\"wp-page\" data-elementor-id=\"5237\" class=\"elementor elementor-5237 elementor-534\" data-elementor-post-type=\"page\">\n\t\t\t\t<div class=\"elementor-element elementor-element-fdb5c37 e-flex e-con-boxed e-con e-parent\" data-id=\"fdb5c37\" data-element_type=\"container\" data-e-type=\"container\" data-settings=\"{&quot;background_background&quot;:&quot;classic&quot;}\">\n\t\t\t\t\t<div class=\"e-con-inner\">\n\t\t<div class=\"elementor-element elementor-element-b7df20e e-flex e-con-boxed e-con e-child\" data-id=\"b7df20e\" data-element_type=\"container\" data-e-type=\"container\" data-settings=\"{&quot;background_background&quot;:&quot;classic&quot;}\">\n\t\t\t\t\t<div class=\"e-con-inner\">\n\t\t\t\t<div class=\"elementor-element elementor-element-110040b elementor-widget elementor-widget-image\" data-id=\"110040b\" data-element_type=\"widget\" data-e-type=\"widget\" data-widget_type=\"image.default\">\n\t\t\t\t\t\t\t\t\t\t\t\t\t\t\t<img decoding=\"async\" src=\"https:\/\/ladianaclubdecaza.com\/wp-content\/uploads\/2025\/04\/Recurso-94.png\" title=\"Recurso 94\" alt=\"Recurso 94\" loading=\"lazy\" \/>\t\t\t\t\t\t\t\t\t\t\t\t\t\t\t<\/div>\n\t\t\t\t<div class=\"elementor-element elementor-element-8088a64 elementor-widget elementor-widget-heading\" data-id=\"8088a64\" data-element_type=\"widget\" data-e-type=\"widget\" data-widget_type=\"heading.default\">\n\t\t\t\t\t<h1 class=\"elementor-heading-title elementor-size-default\">Sorteios realizados e futuros<\/h1>\t\t\t\t<\/div>\n\t\t\t\t\t<\/div>\n\t\t\t\t<\/div>\n\t\t\t\t\t<\/div>\n\t\t\t\t<\/div>\n\t\t<div class=\"elementor-element elementor-element-697e690 e-flex e-con-boxed e-con e-parent\" data-id=\"697e690\" data-element_type=\"container\" data-e-type=\"container\">\n\t\t\t\t\t<div class=\"e-con-inner\">\n\t\t<div class=\"elementor-element elementor-element-f245b20 e-con-full e-flex e-con e-child\" data-id=\"f245b20\" data-element_type=\"container\" data-e-type=\"container\">\n\t\t<div class=\"elementor-element elementor-element-5aba46d e-con-full e-flex e-con e-child\" data-id=\"5aba46d\" data-element_type=\"container\" data-e-type=\"container\">\n\t\t\t\t<div class=\"elementor-element elementor-element-b9f87dc elementor-widget elementor-widget-shortcode\" data-id=\"b9f87dc\" data-element_type=\"widget\" data-e-type=\"widget\" data-widget_type=\"shortcode.default\">\n\t\t\t\t\t\t\t<div class=\"elementor-shortcode\"><h4>Lista atualizada em 1 de Maio de 2026<\/h4><\/div>\n\t\t\t\t\t\t<\/div>\n\t\t\t\t<\/div>\n\t\t\t\t<\/div>\n\t\t\t\t\t<\/div>\n\t\t\t\t<\/div>\n\t\t<div class=\"elementor-element elementor-element-b37d211 e-flex e-con-boxed e-con e-parent\" data-id=\"b37d211\" data-element_type=\"container\" data-e-type=\"container\" data-settings=\"{&quot;background_background&quot;:&quot;classic&quot;}\">\n\t\t\t\t\t<div class=\"e-con-inner\">\n\t\t<div class=\"elementor-element elementor-element-f0b4faf e-flex e-con-boxed e-con e-child\" data-id=\"f0b4faf\" data-element_type=\"container\" data-e-type=\"container\" data-settings=\"{&quot;background_background&quot;:&quot;gradient&quot;}\">\n\t\t\t\t\t<div class=\"e-con-inner\">\n\t\t\t\t<div class=\"elementor-element elementor-element-606ebc4 elementor-widget elementor-widget-image\" data-id=\"606ebc4\" data-element_type=\"widget\" data-e-type=\"widget\" data-widget_type=\"image.default\">\n\t\t\t\t\t\t\t\t\t\t\t\t\t\t\t<img decoding=\"async\" width=\"50\" height=\"50\" src=\"https:\/\/ladianaclubdecaza.com\/wp-content\/uploads\/2025\/04\/ladiana-4.png\" class=\"attachment-full size-full wp-image-4704\" alt=\"ladiana (4)\" loading=\"eager\" \/>\t\t\t\t\t\t\t\t\t\t\t\t\t\t\t<\/div>\n\t\t\t\t<div class=\"elementor-element elementor-element-b93f425 elementor-widget elementor-widget-heading\" data-id=\"b93f425\" data-element_type=\"widget\" data-e-type=\"widget\" data-widget_type=\"heading.default\">\n\t\t\t\t\t<h1 class=\"elementor-heading-title elementor-size-default\">Pr\u00f3ximos sorteios<\/h1>\t\t\t\t<\/div>\n\t\t\t\t\t<\/div>\n\t\t\t\t<\/div>\n\t\t\t\t\t<\/div>\n\t\t\t\t<\/div>\n\t\t<div class=\"elementor-element elementor-element-f21cdee bloque-resultados e-flex e-con-boxed e-con e-parent\" data-id=\"f21cdee\" data-element_type=\"container\" data-e-type=\"container\">\n\t\t\t\t\t<div class=\"e-con-inner\">\n\t\t<div class=\"elementor-element elementor-element-9be6c56 bloque-resultados e-flex e-con-boxed e-con e-child\" data-id=\"9be6c56\" data-element_type=\"container\" data-e-type=\"container\">\n\t\t\t\t\t<div class=\"e-con-inner\">\n\t\t\t\t<div class=\"elementor-element elementor-element-ce605ce elementor-widget elementor-widget-shortcode\" data-id=\"ce605ce\" data-element_type=\"widget\" data-e-type=\"widget\" data-widget_type=\"shortcode.default\">\n\t\t\t\t\t\t\t<div class=\"elementor-shortcode\"><div class=\"ladiana-sorteos-grid\"><div class=\"ladiana-sorteos-col\"><div class=\"ladiana-sorteos-year\">2026<\/div><div class=\"ladiana-sorteos-month\">maio<\/div><ul><li><a href=\"https:\/\/ladianaclubdecaza.com\/pt-pt\/aragao-caca-ao-corco-ao-veado-ao-veado-vermelho-e-ao-veado-campeiro\/\">ARAG\u00c3O. Ca\u00e7ada de aproxima\u00e7\u00e3o ao cor\u00e7o, ao Ibex-ib\u00e9rico, ao veado-vermelho e ao Camur\u00e7a.<\/a><\/li><li><a href=\"https:\/\/ladianaclubdecaza.com\/pt-pt\/castilla-leon-perseguicao-do-ibex\/\">CASTELA E LE\u00c3O. Aproxima\u00e7\u00e3o de cabra-mont\u00eas<\/a><\/li><\/ul><div class=\"ladiana-sorteos-month\">junho<\/div><ul><li><a href=\"https:\/\/ladianaclubdecaza.com\/pt-pt\/andaluzia-caca-ao-veado-ao-veado-vermelho-ao-gamo-ao-muflao-e-ao-javali\/\">ANDALUZIA: Ca\u00e7a ao Ibex-ib\u00e9rico, ao veado-vermelho, ao gamo, ao mufl\u00e3o e ao javali.<\/a><\/li><\/ul><div class=\"ladiana-sorteos-month\">julho<\/div><ul><li><a href=\"https:\/\/ladianaclubdecaza.com\/pt-pt\/castellon-perseguicao-de-javalis\/\">CASTELL\u00d3N. Aproxima\u00e7\u00e3o de cabra-mont\u00eas macho<\/a><\/li><\/ul><div class=\"ladiana-sorteos-month\">agosto<\/div><ul><li><a href=\"https:\/\/ladianaclubdecaza.com\/pt-pt\/comunidade-de-madrid-perseguicao-de-javalis\/\">COMUNIDADE DE MADRID. Ca\u00e7ada de aproxima\u00e7\u00e3o de Ibex-ib\u00e9rico<\/a><\/li><\/ul><div class=\"ladiana-sorteos-month\">outubro<\/div><ul><li><a href=\"https:\/\/ladianaclubdecaza.com\/pt-pt\/catalonia-caca-a-camurca-ao-muflao-ao-veado-e-ao-corco-caca-aos-trofeus\/\">CATAL\u00d3NIA. Ca\u00e7ada de aproxima\u00e7\u00e3o, ao mufl\u00e3o, ao veado e ao cor\u00e7o (ca\u00e7a aos trof\u00e9us)<\/a><\/li><\/ul><div class=\"ladiana-sorteos-month\">novembro<\/div><ul><li><a href=\"https:\/\/ladianaclubdecaza.com\/pt-pt\/catalonia-perseguicao-de-javalis\/\">CATAL\u00d3NIA. Ca\u00e7ada de aproxima\u00e7\u00e3o de Ibex-ib\u00e9rico<\/a><\/li><li><a href=\"https:\/\/ladianaclubdecaza.com\/pt-pt\/extremadura-perseguicao-de-veados-mufloes-veados-vermelhos-e-gamos\/\">EXTREMADURA. Ca\u00e7ada de aproxima\u00e7\u00e3o de veados, mufl\u00f5es, veados-vermelhos e gamos<\/a><\/li><li><a href=\"https:\/\/ladianaclubdecaza.com\/pt-pt\/extremadura-caca-e-caca\/\">EXTREMADURA. Montaria<\/a><\/li><li><a href=\"https:\/\/ladianaclubdecaza.com\/pt-pt\/la-rioja-perseguicao-do-corco-e-do-veado\/\">LA RIOJA. Ca\u00e7ada de aproxima\u00e7\u00e3o do cor\u00e7o e do veado<\/a><\/li><\/ul><div class=\"ladiana-sorteos-month\">dezembro<\/div><ul><li><a href=\"https:\/\/ladianaclubdecaza.com\/pt-pt\/catalonia-caca-a-camurca-ao-veado-e-ao-corco-caca-selectiva\/\">CATAL\u00d3NIA. Ca\u00e7ada de aproxima\u00e7\u00e3o ao camur\u00e7a, ao veado e ao cor\u00e7o (ca\u00e7a selectiva)<\/a><\/li><\/ul><\/div><div class=\"ladiana-sorteos-col\"><div class=\"ladiana-sorteos-year\">2027<\/div><div class=\"ladiana-sorteos-month\">janeiro<\/div><ul><li><a href=\"https:\/\/ladianaclubdecaza.com\/pt-pt\/asturias-perseguicao-de-corcos-camurcas-veados-e-gamos\/\">AST\u00daRIAS. Ca\u00e7a de aproxima\u00e7\u00e3o de cor\u00e7o, camur\u00e7a, veado e gamo<\/a><\/li><li><a href=\"https:\/\/ladianaclubdecaza.com\/pt-pt\/castilla-la-mancha-perseguicao-de-veados-e-veados-vermelhos-e-perseguicao-de-veados\/\">CASTILLA LA MANCHA. Ca\u00e7ada de aproxima\u00e7\u00e3o de veados e Ibex-ib\u00e9rico<\/a><\/li><li><a href=\"https:\/\/ladianaclubdecaza.com\/pt-pt\/castilla-la-mancha-caca-e-caca\/\">CASTILLA LA MANCHA. Montarias e batidas<\/a><\/li><\/ul><div class=\"ladiana-sorteos-month\">mar\u00e7o<\/div><ul><li><a href=\"https:\/\/ladianaclubdecaza.com\/pt-pt\/comunidade-valenciana-caca-ao-corco-ao-muflao-ao-veado-e-ao-gamo\/\">COMUNIDADE VALENCIANA. Ca\u00e7ada de aproxima\u00e7\u00e3o ao Ibex-ib\u00e9rico, ao mufl\u00e3o, ao veado e ao gamo.<\/a><\/li><\/ul><div class=\"ladiana-sorteos-month\">Abril<\/div><ul><li><a href=\"https:\/\/ladianaclubdecaza.com\/pt-pt\/catalonia-gamo-veado-muflao-corco-e-camurca-autonomos\/\">CATAL\u00d3NIA. Ca\u00e7ada de aproxima\u00e7\u00e3o Gamo, veado, mufl\u00e3o, cor\u00e7o e camur\u00e7a (ca\u00e7adores regionais)<\/a><\/li><\/ul><div class=\"ladiana-sorteos-month\">maio<\/div><ul><li><a href=\"https:\/\/ladianaclubdecaza.com\/pt-pt\/aragao-caca-ao-corco-ao-veado-ao-veado-vermelho-e-ao-veado-campeiro\/\">ARAG\u00c3O. Ca\u00e7ada de aproxima\u00e7\u00e3o ao cor\u00e7o, ao Ibex-ib\u00e9rico, ao veado-vermelho e ao Camur\u00e7a.<\/a><\/li><li><a href=\"https:\/\/ladianaclubdecaza.com\/pt-pt\/castilla-leon-perseguicao-do-ibex\/\">CASTELA E LE\u00c3O. Aproxima\u00e7\u00e3o de cabra-mont\u00eas<\/a><\/li><\/ul><div class=\"ladiana-sorteos-month\">junho<\/div><ul><li><a href=\"https:\/\/ladianaclubdecaza.com\/pt-pt\/andaluzia-caca-ao-veado-ao-veado-vermelho-ao-gamo-ao-muflao-e-ao-javali\/\">ANDALUZIA: Ca\u00e7a ao Ibex-ib\u00e9rico, ao veado-vermelho, ao gamo, ao mufl\u00e3o e ao javali.<\/a><\/li><\/ul><div class=\"ladiana-sorteos-month\">julho<\/div><ul><li><a href=\"https:\/\/ladianaclubdecaza.com\/pt-pt\/castellon-perseguicao-de-javalis\/\">CASTELL\u00d3N. Aproxima\u00e7\u00e3o de cabra-mont\u00eas macho<\/a><\/li><\/ul><div class=\"ladiana-sorteos-month\">Agosto<\/div><ul><li><a href=\"https:\/\/ladianaclubdecaza.com\/pt-pt\/comunidade-de-madrid-perseguicao-de-javalis\/\">COMUNIDADE DE MADRID. Ca\u00e7ada de aproxima\u00e7\u00e3o de Ibex-ib\u00e9rico<\/a><\/li><\/ul><\/div><\/div><\/div>\n\t\t\t\t\t\t<\/div>\n\t\t\t\t\t<\/div>\n\t\t\t\t<\/div>\n\t\t\t\t\t<\/div>\n\t\t\t\t<\/div>\n\t\t<div class=\"elementor-element elementor-element-cc1bb86 e-flex e-con-boxed e-con e-parent\" data-id=\"cc1bb86\" data-element_type=\"container\" data-e-type=\"container\" data-settings=\"{&quot;background_background&quot;:&quot;classic&quot;}\">\n\t\t\t\t\t<div class=\"e-con-inner\">\n\t\t<div class=\"elementor-element elementor-element-c4f87bd e-flex e-con-boxed e-con e-child\" data-id=\"c4f87bd\" data-element_type=\"container\" data-e-type=\"container\" data-settings=\"{&quot;background_background&quot;:&quot;gradient&quot;}\">\n\t\t\t\t\t<div class=\"e-con-inner\">\n\t\t\t\t<div class=\"elementor-element elementor-element-8efec64 elementor-widget elementor-widget-image\" data-id=\"8efec64\" data-element_type=\"widget\" data-e-type=\"widget\" data-widget_type=\"image.default\">\n\t\t\t\t\t\t\t\t\t\t\t\t\t\t\t<img loading=\"lazy\" decoding=\"async\" width=\"50\" height=\"50\" src=\"https:\/\/ladianaclubdecaza.com\/wp-content\/uploads\/2025\/04\/ladiana-1.png\" class=\"attachment-full size-full wp-image-4707\" alt=\"ladiana (1)\" loading=\"lazy\" \/>\t\t\t\t\t\t\t\t\t\t\t\t\t\t\t<\/div>\n\t\t\t\t<div class=\"elementor-element elementor-element-959186f elementor-widget elementor-widget-heading\" data-id=\"959186f\" data-element_type=\"widget\" data-e-type=\"widget\" data-widget_type=\"heading.default\">\n\t\t\t\t\t<h1 class=\"elementor-heading-title elementor-size-default\">\u00daltimos sorteios enviados<\/h1>\t\t\t\t<\/div>\n\t\t\t\t\t<\/div>\n\t\t\t\t<\/div>\n\t\t\t\t\t<\/div>\n\t\t\t\t<\/div>\n\t\t<div class=\"elementor-element elementor-element-d254fd2 bloque-resultados e-flex e-con-boxed e-con e-parent\" data-id=\"d254fd2\" data-element_type=\"container\" data-e-type=\"container\">\n\t\t\t\t\t<div class=\"e-con-inner\">\n\t\t<div class=\"elementor-element elementor-element-4d1f736 bloque-resultados e-flex e-con-boxed e-con e-child\" data-id=\"4d1f736\" data-element_type=\"container\" data-e-type=\"container\">\n\t\t\t\t\t<div class=\"e-con-inner\">\n\t\t\t\t<div class=\"elementor-element elementor-element-f1e2d0d elementor-widget elementor-widget-shortcode\" data-id=\"f1e2d0d\" data-element_type=\"widget\" data-e-type=\"widget\" data-widget_type=\"shortcode.default\">\n\t\t\t\t\t\t\t<div class=\"elementor-shortcode\"><div class=\"ladiana-sorteos-grid\"><div class=\"ladiana-sorteos-col\"><div class=\"ladiana-sorteos-year\">2026<\/div><div class=\"ladiana-sorteos-month\">janeiro<\/div><ul><li><a href=\"https:\/\/ladianaclubdecaza.com\/pt-pt\/asturias-perseguicao-de-corcos-camurcas-veados-e-gamos\/\">AST\u00daRIAS. Ca\u00e7a de aproxima\u00e7\u00e3o de cor\u00e7o, camur\u00e7a, veado e gamo<\/a><\/li><li><a href=\"https:\/\/ladianaclubdecaza.com\/pt-pt\/castilla-la-mancha-perseguicao-de-veados-e-veados-vermelhos-e-perseguicao-de-veados\/\">CASTILLA LA MANCHA. Ca\u00e7ada de aproxima\u00e7\u00e3o de veados e Ibex-ib\u00e9rico<\/a><\/li><li><a href=\"https:\/\/ladianaclubdecaza.com\/pt-pt\/castilla-la-mancha-caca-e-caca\/\">CASTILLA LA MANCHA. Montarias e batidas<\/a><\/li><\/ul><div class=\"ladiana-sorteos-month\">mar\u00e7o<\/div><ul><li><a href=\"https:\/\/ladianaclubdecaza.com\/pt-pt\/comunidade-valenciana-caca-ao-corco-ao-muflao-ao-veado-e-ao-gamo\/\">COMUNIDADE VALENCIANA. Ca\u00e7ada de aproxima\u00e7\u00e3o ao Ibex-ib\u00e9rico, ao mufl\u00e3o, ao veado e ao gamo.<\/a><\/li><\/ul><div class=\"ladiana-sorteos-month\">abril<\/div><ul><li><a href=\"https:\/\/ladianaclubdecaza.com\/pt-pt\/catalonia-gamo-veado-muflao-corco-e-camurca-autonomos\/\">CATAL\u00d3NIA. Ca\u00e7ada de aproxima\u00e7\u00e3o Gamo, veado, mufl\u00e3o, cor\u00e7o e camur\u00e7a (ca\u00e7adores regionais)<\/a><\/li><\/ul><\/div><div class=\"ladiana-sorteos-col\"><div class=\"ladiana-sorteos-year\">2025<\/div><div class=\"ladiana-sorteos-month\">outubro<\/div><ul><li><a href=\"https:\/\/ladianaclubdecaza.com\/pt-pt\/catalonia-caca-a-camurca-ao-muflao-ao-veado-e-ao-corco-caca-aos-trofeus\/\">CATAL\u00d3NIA. Ca\u00e7ada de aproxima\u00e7\u00e3o, ao mufl\u00e3o, ao veado e ao cor\u00e7o (ca\u00e7a aos trof\u00e9us)<\/a><\/li><\/ul><div class=\"ladiana-sorteos-month\">novembro<\/div><ul><li><a href=\"https:\/\/ladianaclubdecaza.com\/pt-pt\/catalonia-perseguicao-de-javalis\/\">CATAL\u00d3NIA. Ca\u00e7ada de aproxima\u00e7\u00e3o de Ibex-ib\u00e9rico<\/a><\/li><li><a href=\"https:\/\/ladianaclubdecaza.com\/pt-pt\/extremadura-perseguicao-de-veados-mufloes-veados-vermelhos-e-gamos\/\">EXTREMADURA. Ca\u00e7ada de aproxima\u00e7\u00e3o de veados, mufl\u00f5es, veados-vermelhos e gamos<\/a><\/li><li><a href=\"https:\/\/ladianaclubdecaza.com\/pt-pt\/extremadura-caca-e-caca\/\">EXTREMADURA. Montaria<\/a><\/li><li><a href=\"https:\/\/ladianaclubdecaza.com\/pt-pt\/la-rioja-perseguicao-do-corco-e-do-veado\/\">LA RIOJA. Ca\u00e7ada de aproxima\u00e7\u00e3o do cor\u00e7o e do veado<\/a><\/li><\/ul><div class=\"ladiana-sorteos-month\">dezembro<\/div><ul><li><a href=\"https:\/\/ladianaclubdecaza.com\/pt-pt\/catalonia-caca-a-camurca-ao-veado-e-ao-corco-caca-selectiva\/\">CATAL\u00d3NIA. Ca\u00e7ada de aproxima\u00e7\u00e3o ao camur\u00e7a, ao veado e ao cor\u00e7o (ca\u00e7a selectiva)<\/a><\/li><\/ul><\/div><\/div><\/div>\n\t\t\t\t\t\t<\/div>\n\t\t\t\t\t<\/div>\n\t\t\t\t<\/div>\n\t\t\t\t\t<\/div>\n\t\t\t\t<\/div>\n\t\t\t\t<\/div>\n\t\t","protected":false},"excerpt":{"rendered":"<p>Sorteios realizados e futuros Pr\u00f3ximos sorteios \u00daltimos sorteios enviados<\/p>\n","protected":false},"author":1,"featured_media":0,"parent":0,"menu_order":0,"comment_status":"closed","ping_status":"closed","template":"","meta":{"_acf_changed":false,"footnotes":""},"class_list":["post-5237","page","type-page","status-publish","hentry"],"acf":[],"yoast_head":"<!-- This site is optimized with the Yoast SEO plugin v27.5 - https:\/\/yoast.com\/product\/yoast-seo-wordpress\/ -->\n<title>Sorteios realizados e futuros - Armer\u00eda la Diana<\/title>\n<meta name=\"description\" content=\"Sorteios realizados e futuros                Pr\u00f3ximos sorteios                \u00daltimos sorteios enviados ...\" \/>\n<meta name=\"robots\" content=\"index, follow, max-snippet:-1, max-image-preview:large, max-video-preview:-1\" \/>\n<link rel=\"canonical\" href=\"https:\/\/ladianaclubdecaza.com\/pt-pt\/sorteios-enviados-e-proximos-sorteios\/\" \/>\n<meta property=\"og:locale\" content=\"pt_PT\" \/>\n<meta property=\"og:type\" content=\"article\" \/>\n<meta property=\"og:title\" content=\"Sorteios realizados e futuros - Armer\u00eda la Diana\" \/>\n<meta property=\"og:description\" content=\"Sorteios realizados e futuros                Pr\u00f3ximos sorteios                \u00daltimos sorteios enviados ...\" \/>\n<meta property=\"og:url\" content=\"https:\/\/ladianaclubdecaza.com\/pt-pt\/sorteios-enviados-e-proximos-sorteios\/\" \/>\n<meta property=\"og:site_name\" content=\"Armer\u00eda la Diana\" \/>\n<meta property=\"article:modified_time\" content=\"2026-03-10T13:18:59+00:00\" \/>\n<meta property=\"og:image\" content=\"https:\/\/ladianaclubdecaza.com\/wp-content\/uploads\/2025\/04\/Recurso-94.png\" \/>\n<meta name=\"twitter:card\" content=\"summary_large_image\" \/>\n<script type=\"application\/ld+json\" class=\"yoast-schema-graph\">{\"@context\":\"https:\\\/\\\/schema.org\",\"@graph\":[{\"@type\":\"WebPage\",\"@id\":\"https:\\\/\\\/ladianaclubdecaza.com\\\/pt-pt\\\/sorteios-enviados-e-proximos-sorteios\\\/\",\"url\":\"https:\\\/\\\/ladianaclubdecaza.com\\\/pt-pt\\\/sorteios-enviados-e-proximos-sorteios\\\/\",\"name\":\"Sorteios realizados e futuros - Armer\u00eda la Diana\",\"isPartOf\":{\"@id\":\"https:\\\/\\\/ladianaclubdecaza.com\\\/pt-pt\\\/#website\"},\"primaryImageOfPage\":{\"@id\":\"https:\\\/\\\/ladianaclubdecaza.com\\\/pt-pt\\\/sorteios-enviados-e-proximos-sorteios\\\/#primaryimage\"},\"image\":{\"@id\":\"https:\\\/\\\/ladianaclubdecaza.com\\\/pt-pt\\\/sorteios-enviados-e-proximos-sorteios\\\/#primaryimage\"},\"thumbnailUrl\":\"https:\\\/\\\/ladianaclubdecaza.com\\\/wp-content\\\/uploads\\\/2025\\\/04\\\/Recurso-94.png\",\"datePublished\":\"2017-05-23T11:37:16+00:00\",\"dateModified\":\"2026-03-10T13:18:59+00:00\",\"description\":\"Sorteios realizados e futuros Pr\u00f3ximos sorteios \u00daltimos sorteios enviados ...\",\"breadcrumb\":{\"@id\":\"https:\\\/\\\/ladianaclubdecaza.com\\\/pt-pt\\\/sorteios-enviados-e-proximos-sorteios\\\/#breadcrumb\"},\"inLanguage\":\"pt-PT\",\"potentialAction\":[{\"@type\":\"ReadAction\",\"target\":[\"https:\\\/\\\/ladianaclubdecaza.com\\\/pt-pt\\\/sorteios-enviados-e-proximos-sorteios\\\/\"]}]},{\"@type\":\"ImageObject\",\"inLanguage\":\"pt-PT\",\"@id\":\"https:\\\/\\\/ladianaclubdecaza.com\\\/pt-pt\\\/sorteios-enviados-e-proximos-sorteios\\\/#primaryimage\",\"url\":\"https:\\\/\\\/ladianaclubdecaza.com\\\/wp-content\\\/uploads\\\/2025\\\/04\\\/Recurso-94.png\",\"contentUrl\":\"https:\\\/\\\/ladianaclubdecaza.com\\\/wp-content\\\/uploads\\\/2025\\\/04\\\/Recurso-94.png\"},{\"@type\":\"BreadcrumbList\",\"@id\":\"https:\\\/\\\/ladianaclubdecaza.com\\\/pt-pt\\\/sorteios-enviados-e-proximos-sorteios\\\/#breadcrumb\",\"itemListElement\":[{\"@type\":\"ListItem\",\"position\":1,\"name\":\"Inicio\",\"item\":\"https:\\\/\\\/ladianaclubdecaza.com\\\/pt-pt\\\/\"},{\"@type\":\"ListItem\",\"position\":2,\"name\":\"Sorteios realizados e futuros\"}]},{\"@type\":\"WebSite\",\"@id\":\"https:\\\/\\\/ladianaclubdecaza.com\\\/pt-pt\\\/#website\",\"url\":\"https:\\\/\\\/ladianaclubdecaza.com\\\/pt-pt\\\/\",\"name\":\"Armer\u00eda la Diana\",\"description\":\"Club Ca\u00e7a grossa\",\"publisher\":{\"@id\":\"https:\\\/\\\/ladianaclubdecaza.com\\\/pt-pt\\\/#organization\"},\"potentialAction\":[{\"@type\":\"SearchAction\",\"target\":{\"@type\":\"EntryPoint\",\"urlTemplate\":\"https:\\\/\\\/ladianaclubdecaza.com\\\/pt-pt\\\/?s={search_term_string}\"},\"query-input\":{\"@type\":\"PropertyValueSpecification\",\"valueRequired\":true,\"valueName\":\"search_term_string\"}}],\"inLanguage\":\"pt-PT\"},{\"@type\":\"Organization\",\"@id\":\"https:\\\/\\\/ladianaclubdecaza.com\\\/pt-pt\\\/#organization\",\"name\":\"Armer\u00eda la Diana\",\"url\":\"https:\\\/\\\/ladianaclubdecaza.com\\\/pt-pt\\\/\",\"logo\":{\"@type\":\"ImageObject\",\"inLanguage\":\"pt-PT\",\"@id\":\"https:\\\/\\\/ladianaclubdecaza.com\\\/pt-pt\\\/#\\\/schema\\\/logo\\\/image\\\/\",\"url\":\"https:\\\/\\\/ladianaclubdecaza.com\\\/wp-content\\\/uploads\\\/2024\\\/12\\\/Logo_LD.png\",\"contentUrl\":\"https:\\\/\\\/ladianaclubdecaza.com\\\/wp-content\\\/uploads\\\/2024\\\/12\\\/Logo_LD.png\",\"width\":310,\"height\":100,\"caption\":\"Armer\u00eda la Diana\"},\"image\":{\"@id\":\"https:\\\/\\\/ladianaclubdecaza.com\\\/pt-pt\\\/#\\\/schema\\\/logo\\\/image\\\/\"}}]}<\/script>\n<!-- \/ Yoast SEO plugin. -->","yoast_head_json":{"title":"Sorteios realizados e futuros - Armer\u00eda la Diana","description":"Sorteios realizados e futuros                Pr\u00f3ximos sorteios                \u00daltimos sorteios enviados ...","robots":{"index":"index","follow":"follow","max-snippet":"max-snippet:-1","max-image-preview":"max-image-preview:large","max-video-preview":"max-video-preview:-1"},"canonical":"https:\/\/ladianaclubdecaza.com\/pt-pt\/sorteios-enviados-e-proximos-sorteios\/","og_locale":"pt_PT","og_type":"article","og_title":"Sorteios realizados e futuros - Armer\u00eda la Diana","og_description":"Sorteios realizados e futuros                Pr\u00f3ximos sorteios                \u00daltimos sorteios enviados ...","og_url":"https:\/\/ladianaclubdecaza.com\/pt-pt\/sorteios-enviados-e-proximos-sorteios\/","og_site_name":"Armer\u00eda la Diana","article_modified_time":"2026-03-10T13:18:59+00:00","og_image":[{"url":"https:\/\/ladianaclubdecaza.com\/wp-content\/uploads\/2025\/04\/Recurso-94.png","type":"","width":"","height":""}],"twitter_card":"summary_large_image","schema":{"@context":"https:\/\/schema.org","@graph":[{"@type":"WebPage","@id":"https:\/\/ladianaclubdecaza.com\/pt-pt\/sorteios-enviados-e-proximos-sorteios\/","url":"https:\/\/ladianaclubdecaza.com\/pt-pt\/sorteios-enviados-e-proximos-sorteios\/","name":"Sorteios realizados e futuros - Armer\u00eda la Diana","isPartOf":{"@id":"https:\/\/ladianaclubdecaza.com\/pt-pt\/#website"},"primaryImageOfPage":{"@id":"https:\/\/ladianaclubdecaza.com\/pt-pt\/sorteios-enviados-e-proximos-sorteios\/#primaryimage"},"image":{"@id":"https:\/\/ladianaclubdecaza.com\/pt-pt\/sorteios-enviados-e-proximos-sorteios\/#primaryimage"},"thumbnailUrl":"https:\/\/ladianaclubdecaza.com\/wp-content\/uploads\/2025\/04\/Recurso-94.png","datePublished":"2017-05-23T11:37:16+00:00","dateModified":"2026-03-10T13:18:59+00:00","description":"Sorteios realizados e futuros Pr\u00f3ximos sorteios \u00daltimos sorteios enviados ...","breadcrumb":{"@id":"https:\/\/ladianaclubdecaza.com\/pt-pt\/sorteios-enviados-e-proximos-sorteios\/#breadcrumb"},"inLanguage":"pt-PT","potentialAction":[{"@type":"ReadAction","target":["https:\/\/ladianaclubdecaza.com\/pt-pt\/sorteios-enviados-e-proximos-sorteios\/"]}]},{"@type":"ImageObject","inLanguage":"pt-PT","@id":"https:\/\/ladianaclubdecaza.com\/pt-pt\/sorteios-enviados-e-proximos-sorteios\/#primaryimage","url":"https:\/\/ladianaclubdecaza.com\/wp-content\/uploads\/2025\/04\/Recurso-94.png","contentUrl":"https:\/\/ladianaclubdecaza.com\/wp-content\/uploads\/2025\/04\/Recurso-94.png"},{"@type":"BreadcrumbList","@id":"https:\/\/ladianaclubdecaza.com\/pt-pt\/sorteios-enviados-e-proximos-sorteios\/#breadcrumb","itemListElement":[{"@type":"ListItem","position":1,"name":"Inicio","item":"https:\/\/ladianaclubdecaza.com\/pt-pt\/"},{"@type":"ListItem","position":2,"name":"Sorteios realizados e futuros"}]},{"@type":"WebSite","@id":"https:\/\/ladianaclubdecaza.com\/pt-pt\/#website","url":"https:\/\/ladianaclubdecaza.com\/pt-pt\/","name":"Armer\u00eda la Diana","description":"Club Ca\u00e7a grossa","publisher":{"@id":"https:\/\/ladianaclubdecaza.com\/pt-pt\/#organization"},"potentialAction":[{"@type":"SearchAction","target":{"@type":"EntryPoint","urlTemplate":"https:\/\/ladianaclubdecaza.com\/pt-pt\/?s={search_term_string}"},"query-input":{"@type":"PropertyValueSpecification","valueRequired":true,"valueName":"search_term_string"}}],"inLanguage":"pt-PT"},{"@type":"Organization","@id":"https:\/\/ladianaclubdecaza.com\/pt-pt\/#organization","name":"Armer\u00eda la Diana","url":"https:\/\/ladianaclubdecaza.com\/pt-pt\/","logo":{"@type":"ImageObject","inLanguage":"pt-PT","@id":"https:\/\/ladianaclubdecaza.com\/pt-pt\/#\/schema\/logo\/image\/","url":"https:\/\/ladianaclubdecaza.com\/wp-content\/uploads\/2024\/12\/Logo_LD.png","contentUrl":"https:\/\/ladianaclubdecaza.com\/wp-content\/uploads\/2024\/12\/Logo_LD.png","width":310,"height":100,"caption":"Armer\u00eda la Diana"},"image":{"@id":"https:\/\/ladianaclubdecaza.com\/pt-pt\/#\/schema\/logo\/image\/"}}]}},"_links":{"self":[{"href":"https:\/\/ladianaclubdecaza.com\/pt-pt\/wp-json\/wp\/v2\/pages\/5237","targetHints":{"allow":["GET"]}}],"collection":[{"href":"https:\/\/ladianaclubdecaza.com\/pt-pt\/wp-json\/wp\/v2\/pages"}],"about":[{"href":"https:\/\/ladianaclubdecaza.com\/pt-pt\/wp-json\/wp\/v2\/types\/page"}],"author":[{"embeddable":true,"href":"https:\/\/ladianaclubdecaza.com\/pt-pt\/wp-json\/wp\/v2\/users\/1"}],"replies":[{"embeddable":true,"href":"https:\/\/ladianaclubdecaza.com\/pt-pt\/wp-json\/wp\/v2\/comments?post=5237"}],"version-history":[{"count":7,"href":"https:\/\/ladianaclubdecaza.com\/pt-pt\/wp-json\/wp\/v2\/pages\/5237\/revisions"}],"predecessor-version":[{"id":6688,"href":"https:\/\/ladianaclubdecaza.com\/pt-pt\/wp-json\/wp\/v2\/pages\/5237\/revisions\/6688"}],"wp:attachment":[{"href":"https:\/\/ladianaclubdecaza.com\/pt-pt\/wp-json\/wp\/v2\/media?parent=5237"}],"curies":[{"name":"wp","href":"https:\/\/api.w.org\/{rel}","templated":true}]}}