{"id":5178,"date":"2025-04-19T12:16:12","date_gmt":"2025-04-19T10:16:12","guid":{"rendered":"https:\/\/ladianaclubdecaza.com\/resultados-do-sorteio\/"},"modified":"2026-05-07T12:38:38","modified_gmt":"2026-05-07T10:38:38","slug":"resultados-do-sorteio","status":"publish","type":"page","link":"https:\/\/ladianaclubdecaza.com\/pt-pt\/resultados-do-sorteio\/","title":{"rendered":"Resultados do sorteio"},"content":{"rendered":"\t\t<div data-elementor-type=\"wp-page\" data-elementor-id=\"5178\" class=\"elementor elementor-5178 elementor-1523\" data-elementor-post-type=\"page\">\n\t\t\t\t<div class=\"elementor-element elementor-element-7900582 e-flex e-con-boxed e-con e-parent\" data-id=\"7900582\" data-element_type=\"container\" data-e-type=\"container\" data-settings=\"{&quot;background_background&quot;:&quot;classic&quot;}\">\n\t\t\t\t\t<div class=\"e-con-inner\">\n\t\t<div class=\"elementor-element elementor-element-00300e6 e-flex e-con-boxed e-con e-child\" data-id=\"00300e6\" data-element_type=\"container\" data-e-type=\"container\" data-settings=\"{&quot;background_background&quot;:&quot;classic&quot;}\">\n\t\t\t\t\t<div class=\"e-con-inner\">\n\t\t\t\t<div class=\"elementor-element elementor-element-9808d1c elementor-widget elementor-widget-image\" data-id=\"9808d1c\" data-element_type=\"widget\" data-e-type=\"widget\" data-widget_type=\"image.default\">\n\t\t\t\t\t\t\t\t\t\t\t\t\t\t\t<img decoding=\"async\" width=\"50\" height=\"50\" src=\"https:\/\/ladianaclubdecaza.com\/wp-content\/uploads\/2025\/04\/ladiana-3.png\" class=\"attachment-full size-full wp-image-4701\" alt=\"ladiana (3)\" loading=\"eager\" \/>\t\t\t\t\t\t\t\t\t\t\t\t\t\t\t<\/div>\n\t\t\t\t<div class=\"elementor-element elementor-element-f53614d elementor-widget elementor-widget-heading\" data-id=\"f53614d\" data-element_type=\"widget\" data-e-type=\"widget\" data-widget_type=\"heading.default\">\n\t\t\t\t\t<h1 class=\"elementor-heading-title elementor-size-default\">Resultados<\/h1>\t\t\t\t<\/div>\n\t\t\t\t\t<\/div>\n\t\t\t\t<\/div>\n\t\t\t\t\t<\/div>\n\t\t\t\t<\/div>\n\t\t<div class=\"elementor-element elementor-element-9dd1359 e-flex e-con-boxed e-con e-parent\" data-id=\"9dd1359\" data-element_type=\"container\" data-e-type=\"container\">\n\t\t\t\t\t<div class=\"e-con-inner\">\n\t\t<div class=\"elementor-element elementor-element-b832d8f e-con-full e-flex e-con e-child\" data-id=\"b832d8f\" data-element_type=\"container\" data-e-type=\"container\">\n\t\t<div class=\"elementor-element elementor-element-1dd4447 e-con-full e-flex e-con e-child\" data-id=\"1dd4447\" data-element_type=\"container\" data-e-type=\"container\">\n\t\t\t\t<div class=\"elementor-element elementor-element-7a62b9b elementor-widget elementor-widget-text-editor\" data-id=\"7a62b9b\" data-element_type=\"widget\" data-e-type=\"widget\" data-widget_type=\"text-editor.default\">\n\t\t\t\t\t\t\t\t\t<p>Listas de contemplados. Atualizado em 07\/05\/2026 <\/p>\t\t\t\t\t\t\t\t<\/div>\n\t\t\t\t<\/div>\n\t\t\t\t<\/div>\n\t\t\t\t\t<\/div>\n\t\t\t\t<\/div>\n\t\t<div class=\"elementor-element elementor-element-4beb280 bloque-resultados e-flex e-con-boxed e-con e-parent\" data-id=\"4beb280\" data-element_type=\"container\" data-e-type=\"container\">\n\t\t\t\t\t<div class=\"e-con-inner\">\n\t\t<div class=\"elementor-element elementor-element-cb8aad0 bloque-resultados e-flex e-con-boxed e-con e-child\" data-id=\"cb8aad0\" data-element_type=\"container\" data-e-type=\"container\">\n\t\t\t\t\t<div class=\"e-con-inner\">\n\t\t\t\t<div class=\"elementor-element elementor-element-bcf0ba7 elementor-widget elementor-widget-shortcode\" data-id=\"bcf0ba7\" data-element_type=\"widget\" data-e-type=\"widget\" data-widget_type=\"shortcode.default\">\n\t\t\t\t\t\t\t<div class=\"elementor-shortcode\"><ul class=\"ladiana-resultados-sorteos\"><li><h3>Castilla-La Mancha<\/h3> \u2014 <a href=\"https:\/\/ladianaclubdecaza.com\/pt-pt\/desenho-de-perseguicao-e-caca-nas-reservas-sociais-de-castilla-la-mancha\/\">Sorteios de ca\u00e7adas de aproxima\u00e7\u00e3o e montarias em Zonas Sociais de Ca\u00e7a de Castela-Mancha<\/a><\/li><li><h3>Catalunha<\/h3> \u2014 <a href=\"https:\/\/ladianaclubdecaza.com\/pt-pt\/sorteio-de-trofeus-de-perseguicao-nas-reservas-nacionais-de-caca-da-catalunha\/\">Sorteio de Ca\u00e7ada de aproxima\u00e7\u00e3o DE trof\u00e9us nas Reservas Nacionais de Ca\u00e7a da Catalunha<\/a><\/li><li><h3>Extremadura<\/h3> \u2014 <a href=\"https:\/\/ladianaclubdecaza.com\/pt-pt\/sorteio-de-caca-e-perseguicao-nas-reservas-nacionais-de-caca-da-extremadura\/\">Sorteio de Montaria e Ca\u00e7ada de aproxima\u00e7\u00e3o nas Reservas Nacionais de Ca\u00e7a da Extremadura<\/a><\/li><li><h3>Catalunha<\/h3> \u2014 <a href=\"https:\/\/ladianaclubdecaza.com\/pt-pt\/sorteio-de-perseguicao-selectiva-nas-reservas-nacionais-de-caca-da-catalunha\/\">Sorteio de Ca\u00e7ada de aproxima\u00e7\u00e3oselectiva nas Reservas Nacionais de Ca\u00e7a da Catalunha<\/a><\/li><li><h3>Comunidade de Madrid<\/h3> \u2014 <a href=\"https:\/\/ladianaclubdecaza.com\/pt-pt\/sorteio-de-perseguicao-na-reserva-nacional-de-sonsaz-em-madrid\/\">Sorteio de ca\u00e7ada de aproxima\u00e7\u00e3o na Reserva Nacional de Sonsaz, em Madrid<\/a><\/li><li><h3>Andaluc\u00eda<\/h3> \u2014 <a href=\"https:\/\/ladianaclubdecaza.com\/pt-pt\/sorteio-de-perseguicao-nas-reservas-nacionais-de-caca-da-andaluzia\/\">Sorteio de chasse \u00e0 l&#8217;approche nas Reservas Nacionais de Ca\u00e7a da Andaluzia<\/a><\/li><li><h3>Arag\u00f3n<\/h3> \u2014 <a href=\"https:\/\/ladianaclubdecaza.com\/pt-pt\/desenho-de-talos-na-reserva-nacional-de-caca-de-aragao\/\">Desenho de talos na Reserva Nacional de Ca\u00e7a de Arag\u00e3o<\/a><\/li><li><h3>Comunidade Valenciana<\/h3> \u2014 <a href=\"https:\/\/ladianaclubdecaza.com\/pt-pt\/sorteio-de-caca-na-reserva-nacional-de-muela-de-cortes-em-valencia\/\">Sorteio de Ca\u00e7ada de aproxima\u00e7\u00e3o na Reserva Nacional de Muela de Cortes, em Val\u00eancia<\/a><\/li><li><h3>La Rioja<\/h3> \u2014 <a href=\"https:\/\/ladianaclubdecaza.com\/pt-pt\/sorteio-de-perseguicao-de-veados-e-corcos-na-reserva-nacional-de-caca-demanda-cameros-em-la-rioja\/\">Sorteio de Ca\u00e7ada de aproxima\u00e7\u00e3o de veados e cor\u00e7os na Reserva Nacional de Ca\u00e7a Demanda-Cameros, em La Rioja<\/a><\/li><\/ul>\n<\/div>\n\t\t\t\t\t\t<\/div>\n\t\t\t\t\t<\/div>\n\t\t\t\t<\/div>\n\t\t\t\t\t<\/div>\n\t\t\t\t<\/div>\n\t\t\t\t<\/div>\n\t\t","protected":false},"excerpt":{"rendered":"<p>Resultados Listas de contemplados. Atualizado em 07\/05\/2026<\/p>\n","protected":false},"author":1,"featured_media":0,"parent":0,"menu_order":0,"comment_status":"closed","ping_status":"closed","template":"","meta":{"_acf_changed":false,"footnotes":""},"class_list":["post-5178","page","type-page","status-publish","hentry"],"acf":[],"yoast_head":"<!-- This site is optimized with the Yoast SEO plugin v27.5 - https:\/\/yoast.com\/product\/yoast-seo-wordpress\/ -->\n<title>Resultados do sorteio - Armer\u00eda la Diana<\/title>\n<meta name=\"description\" content=\"Resultados Listas de contemplados. Atualizado em 07\/05\/2026 ...\" \/>\n<meta name=\"robots\" content=\"index, follow, max-snippet:-1, max-image-preview:large, max-video-preview:-1\" \/>\n<link rel=\"canonical\" href=\"https:\/\/ladianaclubdecaza.com\/pt-pt\/resultados-do-sorteio\/\" \/>\n<meta property=\"og:locale\" content=\"pt_PT\" \/>\n<meta property=\"og:type\" content=\"article\" \/>\n<meta property=\"og:title\" content=\"Resultados do sorteio - Armer\u00eda la Diana\" \/>\n<meta property=\"og:description\" content=\"Resultados Listas de contemplados. Atualizado em 07\/05\/2026 ...\" \/>\n<meta property=\"og:url\" content=\"https:\/\/ladianaclubdecaza.com\/pt-pt\/resultados-do-sorteio\/\" \/>\n<meta property=\"og:site_name\" content=\"Armer\u00eda la Diana\" \/>\n<meta property=\"article:modified_time\" content=\"2026-05-07T10:38:38+00:00\" \/>\n<meta property=\"og:image\" content=\"https:\/\/ladianaclubdecaza.com\/wp-content\/uploads\/2025\/04\/ladiana-3.png\" \/>\n\t<meta property=\"og:image:width\" content=\"50\" \/>\n\t<meta property=\"og:image:height\" content=\"50\" \/>\n\t<meta property=\"og:image:type\" content=\"image\/png\" \/>\n<meta name=\"twitter:card\" content=\"summary_large_image\" \/>\n<script type=\"application\/ld+json\" class=\"yoast-schema-graph\">{\"@context\":\"https:\\\/\\\/schema.org\",\"@graph\":[{\"@type\":\"WebPage\",\"@id\":\"https:\\\/\\\/ladianaclubdecaza.com\\\/pt-pt\\\/resultados-do-sorteio\\\/\",\"url\":\"https:\\\/\\\/ladianaclubdecaza.com\\\/pt-pt\\\/resultados-do-sorteio\\\/\",\"name\":\"Resultados do sorteio - Armer\u00eda la Diana\",\"isPartOf\":{\"@id\":\"https:\\\/\\\/ladianaclubdecaza.com\\\/pt-pt\\\/#website\"},\"primaryImageOfPage\":{\"@id\":\"https:\\\/\\\/ladianaclubdecaza.com\\\/pt-pt\\\/resultados-do-sorteio\\\/#primaryimage\"},\"image\":{\"@id\":\"https:\\\/\\\/ladianaclubdecaza.com\\\/pt-pt\\\/resultados-do-sorteio\\\/#primaryimage\"},\"thumbnailUrl\":\"https:\\\/\\\/ladianaclubdecaza.com\\\/wp-content\\\/uploads\\\/2025\\\/04\\\/ladiana-3.png\",\"datePublished\":\"2025-04-19T10:16:12+00:00\",\"dateModified\":\"2026-05-07T10:38:38+00:00\",\"description\":\"Resultados Listas de contemplados. Atualizado em 07\\\/05\\\/2026 ...\",\"breadcrumb\":{\"@id\":\"https:\\\/\\\/ladianaclubdecaza.com\\\/pt-pt\\\/resultados-do-sorteio\\\/#breadcrumb\"},\"inLanguage\":\"pt-PT\",\"potentialAction\":[{\"@type\":\"ReadAction\",\"target\":[\"https:\\\/\\\/ladianaclubdecaza.com\\\/pt-pt\\\/resultados-do-sorteio\\\/\"]}]},{\"@type\":\"ImageObject\",\"inLanguage\":\"pt-PT\",\"@id\":\"https:\\\/\\\/ladianaclubdecaza.com\\\/pt-pt\\\/resultados-do-sorteio\\\/#primaryimage\",\"url\":\"https:\\\/\\\/ladianaclubdecaza.com\\\/wp-content\\\/uploads\\\/2025\\\/04\\\/ladiana-3.png\",\"contentUrl\":\"https:\\\/\\\/ladianaclubdecaza.com\\\/wp-content\\\/uploads\\\/2025\\\/04\\\/ladiana-3.png\"},{\"@type\":\"BreadcrumbList\",\"@id\":\"https:\\\/\\\/ladianaclubdecaza.com\\\/pt-pt\\\/resultados-do-sorteio\\\/#breadcrumb\",\"itemListElement\":[{\"@type\":\"ListItem\",\"position\":1,\"name\":\"Inicio\",\"item\":\"https:\\\/\\\/ladianaclubdecaza.com\\\/pt-pt\\\/\"},{\"@type\":\"ListItem\",\"position\":2,\"name\":\"Resultados do sorteio\"}]},{\"@type\":\"WebSite\",\"@id\":\"https:\\\/\\\/ladianaclubdecaza.com\\\/pt-pt\\\/#website\",\"url\":\"https:\\\/\\\/ladianaclubdecaza.com\\\/pt-pt\\\/\",\"name\":\"Armer\u00eda la Diana\",\"description\":\"Club Ca\u00e7a grossa\",\"publisher\":{\"@id\":\"https:\\\/\\\/ladianaclubdecaza.com\\\/pt-pt\\\/#organization\"},\"potentialAction\":[{\"@type\":\"SearchAction\",\"target\":{\"@type\":\"EntryPoint\",\"urlTemplate\":\"https:\\\/\\\/ladianaclubdecaza.com\\\/pt-pt\\\/?s={search_term_string}\"},\"query-input\":{\"@type\":\"PropertyValueSpecification\",\"valueRequired\":true,\"valueName\":\"search_term_string\"}}],\"inLanguage\":\"pt-PT\"},{\"@type\":\"Organization\",\"@id\":\"https:\\\/\\\/ladianaclubdecaza.com\\\/pt-pt\\\/#organization\",\"name\":\"Armer\u00eda la Diana\",\"url\":\"https:\\\/\\\/ladianaclubdecaza.com\\\/pt-pt\\\/\",\"logo\":{\"@type\":\"ImageObject\",\"inLanguage\":\"pt-PT\",\"@id\":\"https:\\\/\\\/ladianaclubdecaza.com\\\/pt-pt\\\/#\\\/schema\\\/logo\\\/image\\\/\",\"url\":\"https:\\\/\\\/ladianaclubdecaza.com\\\/wp-content\\\/uploads\\\/2024\\\/12\\\/Logo_LD.png\",\"contentUrl\":\"https:\\\/\\\/ladianaclubdecaza.com\\\/wp-content\\\/uploads\\\/2024\\\/12\\\/Logo_LD.png\",\"width\":310,\"height\":100,\"caption\":\"Armer\u00eda la Diana\"},\"image\":{\"@id\":\"https:\\\/\\\/ladianaclubdecaza.com\\\/pt-pt\\\/#\\\/schema\\\/logo\\\/image\\\/\"}}]}<\/script>\n<!-- \/ Yoast SEO plugin. -->","yoast_head_json":{"title":"Resultados do sorteio - Armer\u00eda la Diana","description":"Resultados Listas de contemplados. Atualizado em 07\/05\/2026 ...","robots":{"index":"index","follow":"follow","max-snippet":"max-snippet:-1","max-image-preview":"max-image-preview:large","max-video-preview":"max-video-preview:-1"},"canonical":"https:\/\/ladianaclubdecaza.com\/pt-pt\/resultados-do-sorteio\/","og_locale":"pt_PT","og_type":"article","og_title":"Resultados do sorteio - Armer\u00eda la Diana","og_description":"Resultados Listas de contemplados. Atualizado em 07\/05\/2026 ...","og_url":"https:\/\/ladianaclubdecaza.com\/pt-pt\/resultados-do-sorteio\/","og_site_name":"Armer\u00eda la Diana","article_modified_time":"2026-05-07T10:38:38+00:00","og_image":[{"width":50,"height":50,"url":"https:\/\/ladianaclubdecaza.com\/wp-content\/uploads\/2025\/04\/ladiana-3.png","type":"image\/png"}],"twitter_card":"summary_large_image","schema":{"@context":"https:\/\/schema.org","@graph":[{"@type":"WebPage","@id":"https:\/\/ladianaclubdecaza.com\/pt-pt\/resultados-do-sorteio\/","url":"https:\/\/ladianaclubdecaza.com\/pt-pt\/resultados-do-sorteio\/","name":"Resultados do sorteio - Armer\u00eda la Diana","isPartOf":{"@id":"https:\/\/ladianaclubdecaza.com\/pt-pt\/#website"},"primaryImageOfPage":{"@id":"https:\/\/ladianaclubdecaza.com\/pt-pt\/resultados-do-sorteio\/#primaryimage"},"image":{"@id":"https:\/\/ladianaclubdecaza.com\/pt-pt\/resultados-do-sorteio\/#primaryimage"},"thumbnailUrl":"https:\/\/ladianaclubdecaza.com\/wp-content\/uploads\/2025\/04\/ladiana-3.png","datePublished":"2025-04-19T10:16:12+00:00","dateModified":"2026-05-07T10:38:38+00:00","description":"Resultados Listas de contemplados. Atualizado em 07\/05\/2026 ...","breadcrumb":{"@id":"https:\/\/ladianaclubdecaza.com\/pt-pt\/resultados-do-sorteio\/#breadcrumb"},"inLanguage":"pt-PT","potentialAction":[{"@type":"ReadAction","target":["https:\/\/ladianaclubdecaza.com\/pt-pt\/resultados-do-sorteio\/"]}]},{"@type":"ImageObject","inLanguage":"pt-PT","@id":"https:\/\/ladianaclubdecaza.com\/pt-pt\/resultados-do-sorteio\/#primaryimage","url":"https:\/\/ladianaclubdecaza.com\/wp-content\/uploads\/2025\/04\/ladiana-3.png","contentUrl":"https:\/\/ladianaclubdecaza.com\/wp-content\/uploads\/2025\/04\/ladiana-3.png"},{"@type":"BreadcrumbList","@id":"https:\/\/ladianaclubdecaza.com\/pt-pt\/resultados-do-sorteio\/#breadcrumb","itemListElement":[{"@type":"ListItem","position":1,"name":"Inicio","item":"https:\/\/ladianaclubdecaza.com\/pt-pt\/"},{"@type":"ListItem","position":2,"name":"Resultados do sorteio"}]},{"@type":"WebSite","@id":"https:\/\/ladianaclubdecaza.com\/pt-pt\/#website","url":"https:\/\/ladianaclubdecaza.com\/pt-pt\/","name":"Armer\u00eda la Diana","description":"Club Ca\u00e7a grossa","publisher":{"@id":"https:\/\/ladianaclubdecaza.com\/pt-pt\/#organization"},"potentialAction":[{"@type":"SearchAction","target":{"@type":"EntryPoint","urlTemplate":"https:\/\/ladianaclubdecaza.com\/pt-pt\/?s={search_term_string}"},"query-input":{"@type":"PropertyValueSpecification","valueRequired":true,"valueName":"search_term_string"}}],"inLanguage":"pt-PT"},{"@type":"Organization","@id":"https:\/\/ladianaclubdecaza.com\/pt-pt\/#organization","name":"Armer\u00eda la Diana","url":"https:\/\/ladianaclubdecaza.com\/pt-pt\/","logo":{"@type":"ImageObject","inLanguage":"pt-PT","@id":"https:\/\/ladianaclubdecaza.com\/pt-pt\/#\/schema\/logo\/image\/","url":"https:\/\/ladianaclubdecaza.com\/wp-content\/uploads\/2024\/12\/Logo_LD.png","contentUrl":"https:\/\/ladianaclubdecaza.com\/wp-content\/uploads\/2024\/12\/Logo_LD.png","width":310,"height":100,"caption":"Armer\u00eda la Diana"},"image":{"@id":"https:\/\/ladianaclubdecaza.com\/pt-pt\/#\/schema\/logo\/image\/"}}]}},"_links":{"self":[{"href":"https:\/\/ladianaclubdecaza.com\/pt-pt\/wp-json\/wp\/v2\/pages\/5178","targetHints":{"allow":["GET"]}}],"collection":[{"href":"https:\/\/ladianaclubdecaza.com\/pt-pt\/wp-json\/wp\/v2\/pages"}],"about":[{"href":"https:\/\/ladianaclubdecaza.com\/pt-pt\/wp-json\/wp\/v2\/types\/page"}],"author":[{"embeddable":true,"href":"https:\/\/ladianaclubdecaza.com\/pt-pt\/wp-json\/wp\/v2\/users\/1"}],"replies":[{"embeddable":true,"href":"https:\/\/ladianaclubdecaza.com\/pt-pt\/wp-json\/wp\/v2\/comments?post=5178"}],"version-history":[{"count":10,"href":"https:\/\/ladianaclubdecaza.com\/pt-pt\/wp-json\/wp\/v2\/pages\/5178\/revisions"}],"predecessor-version":[{"id":6894,"href":"https:\/\/ladianaclubdecaza.com\/pt-pt\/wp-json\/wp\/v2\/pages\/5178\/revisions\/6894"}],"wp:attachment":[{"href":"https:\/\/ladianaclubdecaza.com\/pt-pt\/wp-json\/wp\/v2\/media?parent=5178"}],"curies":[{"name":"wp","href":"https:\/\/api.w.org\/{rel}","templated":true}]}}