{"id":4894,"date":"2025-04-03T12:31:59","date_gmt":"2025-04-03T10:31:59","guid":{"rendered":"https:\/\/ladianaclubdecaza.com\/acesso-dos-membros\/"},"modified":"2025-11-20T12:23:18","modified_gmt":"2025-11-20T11:23:18","slug":"acesso-dos-membros","status":"publish","type":"page","link":"https:\/\/ladianaclubdecaza.com\/pt-pt\/acesso-dos-membros\/","title":{"rendered":"Acesso dos membros"},"content":{"rendered":"\t\t<div data-elementor-type=\"wp-page\" data-elementor-id=\"4894\" class=\"elementor elementor-4894 elementor-391\" data-elementor-post-type=\"page\">\n\t\t\t\t<div class=\"elementor-element elementor-element-2403b92 e-flex e-con-boxed e-con e-parent\" data-id=\"2403b92\" data-element_type=\"container\" data-e-type=\"container\" data-settings=\"{&quot;background_background&quot;:&quot;classic&quot;,&quot;shape_divider_bottom&quot;:&quot;triangle-asymmetrical&quot;}\">\n\t\t\t\t\t<div class=\"e-con-inner\">\n\t\t\t\t<div class=\"elementor-shape elementor-shape-bottom\" aria-hidden=\"true\" data-negative=\"false\">\n\t\t\t<svg xmlns=\"http:\/\/www.w3.org\/2000\/svg\" viewBox=\"0 0 1000 100\" preserveAspectRatio=\"none\">\n\t<path class=\"elementor-shape-fill\" d=\"M738,99l262-93V0H0v5.6L738,99z\"\/>\n<\/svg>\t\t<\/div>\n\t\t<div class=\"elementor-element elementor-element-c1a4d80 e-flex e-con-boxed e-con e-child\" data-id=\"c1a4d80\" data-element_type=\"container\" data-e-type=\"container\" data-settings=\"{&quot;background_background&quot;:&quot;classic&quot;}\">\n\t\t\t\t\t<div class=\"e-con-inner\">\n\t\t\t\t<div class=\"elementor-element elementor-element-2ba0d99 elementor-widget elementor-widget-image\" data-id=\"2ba0d99\" data-element_type=\"widget\" data-e-type=\"widget\" data-widget_type=\"image.default\">\n\t\t\t\t\t\t\t\t\t\t\t\t\t\t\t<img decoding=\"async\" src=\"https:\/\/ladianaclubdecaza.com\/wp-content\/uploads\/2025\/04\/Recurso-92.png\" title=\"Recurso 92\" alt=\"Recurso 92\" loading=\"lazy\" \/>\t\t\t\t\t\t\t\t\t\t\t\t\t\t\t<\/div>\n\t\t\t\t<div class=\"elementor-element elementor-element-b2632ab elementor-widget elementor-widget-heading\" data-id=\"b2632ab\" data-element_type=\"widget\" data-e-type=\"widget\" data-widget_type=\"heading.default\">\n\t\t\t\t\t<h1 class=\"elementor-heading-title elementor-size-default\">Acesso dos membros<\/h1>\t\t\t\t<\/div>\n\t\t\t\t\t<\/div>\n\t\t\t\t<\/div>\n\t\t\t\t\t<\/div>\n\t\t\t\t<\/div>\n\t\t<div class=\"elementor-element elementor-element-512ff13 e-flex e-con-boxed e-con e-parent\" data-id=\"512ff13\" data-element_type=\"container\" data-e-type=\"container\">\n\t\t\t\t\t<div class=\"e-con-inner\">\n\t\t<div class=\"elementor-element elementor-element-b1d6c3c e-con-full e-flex e-con e-child\" data-id=\"b1d6c3c\" data-element_type=\"container\" data-e-type=\"container\">\n\t\t\t\t<div class=\"elementor-element elementor-element-9f7c474 elementor-widget__width-inherit elementor-widget elementor-widget-shortcode\" data-id=\"9f7c474\" data-element_type=\"widget\" data-e-type=\"widget\" data-widget_type=\"shortcode.default\">\n\t\t\t\t\t\t\t<div class=\"elementor-shortcode\"><form method=\"post\" style=\"\">\n  <h2>\n    Acesso  <\/h2>\n  <input type=\"hidden\" id=\"ladiana_login_nonce\" name=\"ladiana_login_nonce\" value=\"ed9b2e8bfb\" \/><input type=\"hidden\" name=\"_wp_http_referer\" value=\"\/pt-pt\/wp-json\/wp\/v2\/pages\/4894\" \/>  <p>\n    <label for=\"dni\">\n      ID \/ Passaporte      *<\/label>\n    <br>\n    <input type=\"text\" name=\"dni\" id=\"dni\" required>\n  <\/p>\n  <p>\n    <label for=\"password\">\n      Palavra-passe      *<\/label>\n    <br>\n    <input type=\"password\" name=\"password\" id=\"password\" required>\n  <\/p>\n  <p>\n    <button type=\"submit\" class=\"boton\" name=\"ladiana_login_submit\">\n    Acesso    <\/button>\n  <\/p>\n<\/form>\n<\/div>\n\t\t\t\t\t\t<\/div>\n\t\t\t\t<\/div>\n\t\t<div class=\"elementor-element elementor-element-8a6192d e-con-full e-flex e-con e-child\" data-id=\"8a6192d\" data-element_type=\"container\" data-e-type=\"container\">\n\t\t\t\t<div class=\"elementor-element elementor-element-4e56b50 elementor-widget__width-inherit elementor-widget elementor-widget-shortcode\" data-id=\"4e56b50\" data-element_type=\"widget\" data-e-type=\"widget\" data-widget_type=\"shortcode.default\">\n\t\t\t\t\t\t\t<div class=\"elementor-shortcode\"><form method=\"post\" style=\"\">\n  <h2>\n    Pedir nova palavra-passe  <\/h2>\n  <input type=\"hidden\" id=\"ladiana_lostpwd_nonce\" name=\"ladiana_lostpwd_nonce\" value=\"434e0f2b4e\" \/><input type=\"hidden\" name=\"_wp_http_referer\" value=\"\/pt-pt\/wp-json\/wp\/v2\/pages\/4894\" \/>  <p>\n    <label for=\"dni_lostpwd\">\n      ID \/ Passaporte      *<\/label>\n    <br>\n    <input type=\"text\" name=\"dni_lostpwd\" id=\"dni_lostpwd\" required>\n  <\/p>\n  <p>\n    <button type=\"submit\" class=\"boton\" name=\"ladiana_lostpwd_submit\">\n    Pedido    <\/button>\n  <\/p>\n  <p>\n    Receber\u00e1 um e-mail com instru\u00e7\u00f5es sobre como solicitar uma nova palavra-passe.  <\/p>\n<\/form>\n<\/div>\n\t\t\t\t\t\t<\/div>\n\t\t\t\t<\/div>\n\t\t\t\t\t<\/div>\n\t\t\t\t<\/div>\n\t\t\t\t<\/div>\n\t\t","protected":false},"excerpt":{"rendered":"<p>Acesso dos membros<\/p>\n","protected":false},"author":1,"featured_media":0,"parent":0,"menu_order":0,"comment_status":"closed","ping_status":"closed","template":"","meta":{"_acf_changed":false,"footnotes":""},"class_list":["post-4894","page","type-page","status-publish","hentry"],"acf":[],"yoast_head":"<!-- This site is optimized with the Yoast SEO plugin v27.5 - https:\/\/yoast.com\/product\/yoast-seo-wordpress\/ -->\n<title>Acesso dos membros - Armer\u00eda la Diana<\/title>\n<meta name=\"description\" content=\"Acesso dos membros ...\" \/>\n<meta name=\"robots\" content=\"index, follow, max-snippet:-1, max-image-preview:large, max-video-preview:-1\" \/>\n<link rel=\"canonical\" href=\"https:\/\/ladianaclubdecaza.com\/pt-pt\/acesso-dos-membros\/\" \/>\n<meta property=\"og:locale\" content=\"pt_PT\" \/>\n<meta property=\"og:type\" content=\"article\" \/>\n<meta property=\"og:title\" content=\"Acesso dos membros - Armer\u00eda la Diana\" \/>\n<meta property=\"og:description\" content=\"Acesso dos membros ...\" \/>\n<meta property=\"og:url\" content=\"https:\/\/ladianaclubdecaza.com\/pt-pt\/acesso-dos-membros\/\" \/>\n<meta property=\"og:site_name\" content=\"Armer\u00eda la Diana\" \/>\n<meta property=\"article:modified_time\" content=\"2025-11-20T11:23:18+00:00\" \/>\n<meta property=\"og:image\" content=\"https:\/\/ladianaclubdecaza.com\/wp-content\/uploads\/2025\/04\/Recurso-92.png\" \/>\n<meta name=\"twitter:card\" content=\"summary_large_image\" \/>\n<script type=\"application\/ld+json\" class=\"yoast-schema-graph\">{\"@context\":\"https:\\\/\\\/schema.org\",\"@graph\":[{\"@type\":\"WebPage\",\"@id\":\"https:\\\/\\\/ladianaclubdecaza.com\\\/pt-pt\\\/acesso-dos-membros\\\/\",\"url\":\"https:\\\/\\\/ladianaclubdecaza.com\\\/pt-pt\\\/acesso-dos-membros\\\/\",\"name\":\"Acesso dos membros - Armer\u00eda la Diana\",\"isPartOf\":{\"@id\":\"https:\\\/\\\/ladianaclubdecaza.com\\\/pt-pt\\\/#website\"},\"primaryImageOfPage\":{\"@id\":\"https:\\\/\\\/ladianaclubdecaza.com\\\/pt-pt\\\/acesso-dos-membros\\\/#primaryimage\"},\"image\":{\"@id\":\"https:\\\/\\\/ladianaclubdecaza.com\\\/pt-pt\\\/acesso-dos-membros\\\/#primaryimage\"},\"thumbnailUrl\":\"https:\\\/\\\/ladianaclubdecaza.com\\\/wp-content\\\/uploads\\\/2025\\\/04\\\/Recurso-92.png\",\"datePublished\":\"2025-04-03T10:31:59+00:00\",\"dateModified\":\"2025-11-20T11:23:18+00:00\",\"description\":\"Acesso dos membros ...\",\"breadcrumb\":{\"@id\":\"https:\\\/\\\/ladianaclubdecaza.com\\\/pt-pt\\\/acesso-dos-membros\\\/#breadcrumb\"},\"inLanguage\":\"pt-PT\",\"potentialAction\":[{\"@type\":\"ReadAction\",\"target\":[\"https:\\\/\\\/ladianaclubdecaza.com\\\/pt-pt\\\/acesso-dos-membros\\\/\"]}]},{\"@type\":\"ImageObject\",\"inLanguage\":\"pt-PT\",\"@id\":\"https:\\\/\\\/ladianaclubdecaza.com\\\/pt-pt\\\/acesso-dos-membros\\\/#primaryimage\",\"url\":\"https:\\\/\\\/ladianaclubdecaza.com\\\/wp-content\\\/uploads\\\/2025\\\/04\\\/Recurso-92.png\",\"contentUrl\":\"https:\\\/\\\/ladianaclubdecaza.com\\\/wp-content\\\/uploads\\\/2025\\\/04\\\/Recurso-92.png\"},{\"@type\":\"BreadcrumbList\",\"@id\":\"https:\\\/\\\/ladianaclubdecaza.com\\\/pt-pt\\\/acesso-dos-membros\\\/#breadcrumb\",\"itemListElement\":[{\"@type\":\"ListItem\",\"position\":1,\"name\":\"Inicio\",\"item\":\"https:\\\/\\\/ladianaclubdecaza.com\\\/pt-pt\\\/\"},{\"@type\":\"ListItem\",\"position\":2,\"name\":\"Acesso dos membros\"}]},{\"@type\":\"WebSite\",\"@id\":\"https:\\\/\\\/ladianaclubdecaza.com\\\/pt-pt\\\/#website\",\"url\":\"https:\\\/\\\/ladianaclubdecaza.com\\\/pt-pt\\\/\",\"name\":\"Armer\u00eda la Diana\",\"description\":\"Club Ca\u00e7a grossa\",\"publisher\":{\"@id\":\"https:\\\/\\\/ladianaclubdecaza.com\\\/pt-pt\\\/#organization\"},\"potentialAction\":[{\"@type\":\"SearchAction\",\"target\":{\"@type\":\"EntryPoint\",\"urlTemplate\":\"https:\\\/\\\/ladianaclubdecaza.com\\\/pt-pt\\\/?s={search_term_string}\"},\"query-input\":{\"@type\":\"PropertyValueSpecification\",\"valueRequired\":true,\"valueName\":\"search_term_string\"}}],\"inLanguage\":\"pt-PT\"},{\"@type\":\"Organization\",\"@id\":\"https:\\\/\\\/ladianaclubdecaza.com\\\/pt-pt\\\/#organization\",\"name\":\"Armer\u00eda la Diana\",\"url\":\"https:\\\/\\\/ladianaclubdecaza.com\\\/pt-pt\\\/\",\"logo\":{\"@type\":\"ImageObject\",\"inLanguage\":\"pt-PT\",\"@id\":\"https:\\\/\\\/ladianaclubdecaza.com\\\/pt-pt\\\/#\\\/schema\\\/logo\\\/image\\\/\",\"url\":\"https:\\\/\\\/ladianaclubdecaza.com\\\/wp-content\\\/uploads\\\/2024\\\/12\\\/Logo_LD.png\",\"contentUrl\":\"https:\\\/\\\/ladianaclubdecaza.com\\\/wp-content\\\/uploads\\\/2024\\\/12\\\/Logo_LD.png\",\"width\":310,\"height\":100,\"caption\":\"Armer\u00eda la Diana\"},\"image\":{\"@id\":\"https:\\\/\\\/ladianaclubdecaza.com\\\/pt-pt\\\/#\\\/schema\\\/logo\\\/image\\\/\"}}]}<\/script>\n<!-- \/ Yoast SEO plugin. -->","yoast_head_json":{"title":"Acesso dos membros - Armer\u00eda la Diana","description":"Acesso dos membros ...","robots":{"index":"index","follow":"follow","max-snippet":"max-snippet:-1","max-image-preview":"max-image-preview:large","max-video-preview":"max-video-preview:-1"},"canonical":"https:\/\/ladianaclubdecaza.com\/pt-pt\/acesso-dos-membros\/","og_locale":"pt_PT","og_type":"article","og_title":"Acesso dos membros - Armer\u00eda la Diana","og_description":"Acesso dos membros ...","og_url":"https:\/\/ladianaclubdecaza.com\/pt-pt\/acesso-dos-membros\/","og_site_name":"Armer\u00eda la Diana","article_modified_time":"2025-11-20T11:23:18+00:00","og_image":[{"url":"https:\/\/ladianaclubdecaza.com\/wp-content\/uploads\/2025\/04\/Recurso-92.png","type":"","width":"","height":""}],"twitter_card":"summary_large_image","schema":{"@context":"https:\/\/schema.org","@graph":[{"@type":"WebPage","@id":"https:\/\/ladianaclubdecaza.com\/pt-pt\/acesso-dos-membros\/","url":"https:\/\/ladianaclubdecaza.com\/pt-pt\/acesso-dos-membros\/","name":"Acesso dos membros - Armer\u00eda la Diana","isPartOf":{"@id":"https:\/\/ladianaclubdecaza.com\/pt-pt\/#website"},"primaryImageOfPage":{"@id":"https:\/\/ladianaclubdecaza.com\/pt-pt\/acesso-dos-membros\/#primaryimage"},"image":{"@id":"https:\/\/ladianaclubdecaza.com\/pt-pt\/acesso-dos-membros\/#primaryimage"},"thumbnailUrl":"https:\/\/ladianaclubdecaza.com\/wp-content\/uploads\/2025\/04\/Recurso-92.png","datePublished":"2025-04-03T10:31:59+00:00","dateModified":"2025-11-20T11:23:18+00:00","description":"Acesso dos membros ...","breadcrumb":{"@id":"https:\/\/ladianaclubdecaza.com\/pt-pt\/acesso-dos-membros\/#breadcrumb"},"inLanguage":"pt-PT","potentialAction":[{"@type":"ReadAction","target":["https:\/\/ladianaclubdecaza.com\/pt-pt\/acesso-dos-membros\/"]}]},{"@type":"ImageObject","inLanguage":"pt-PT","@id":"https:\/\/ladianaclubdecaza.com\/pt-pt\/acesso-dos-membros\/#primaryimage","url":"https:\/\/ladianaclubdecaza.com\/wp-content\/uploads\/2025\/04\/Recurso-92.png","contentUrl":"https:\/\/ladianaclubdecaza.com\/wp-content\/uploads\/2025\/04\/Recurso-92.png"},{"@type":"BreadcrumbList","@id":"https:\/\/ladianaclubdecaza.com\/pt-pt\/acesso-dos-membros\/#breadcrumb","itemListElement":[{"@type":"ListItem","position":1,"name":"Inicio","item":"https:\/\/ladianaclubdecaza.com\/pt-pt\/"},{"@type":"ListItem","position":2,"name":"Acesso dos membros"}]},{"@type":"WebSite","@id":"https:\/\/ladianaclubdecaza.com\/pt-pt\/#website","url":"https:\/\/ladianaclubdecaza.com\/pt-pt\/","name":"Armer\u00eda la Diana","description":"Club Ca\u00e7a grossa","publisher":{"@id":"https:\/\/ladianaclubdecaza.com\/pt-pt\/#organization"},"potentialAction":[{"@type":"SearchAction","target":{"@type":"EntryPoint","urlTemplate":"https:\/\/ladianaclubdecaza.com\/pt-pt\/?s={search_term_string}"},"query-input":{"@type":"PropertyValueSpecification","valueRequired":true,"valueName":"search_term_string"}}],"inLanguage":"pt-PT"},{"@type":"Organization","@id":"https:\/\/ladianaclubdecaza.com\/pt-pt\/#organization","name":"Armer\u00eda la Diana","url":"https:\/\/ladianaclubdecaza.com\/pt-pt\/","logo":{"@type":"ImageObject","inLanguage":"pt-PT","@id":"https:\/\/ladianaclubdecaza.com\/pt-pt\/#\/schema\/logo\/image\/","url":"https:\/\/ladianaclubdecaza.com\/wp-content\/uploads\/2024\/12\/Logo_LD.png","contentUrl":"https:\/\/ladianaclubdecaza.com\/wp-content\/uploads\/2024\/12\/Logo_LD.png","width":310,"height":100,"caption":"Armer\u00eda la Diana"},"image":{"@id":"https:\/\/ladianaclubdecaza.com\/pt-pt\/#\/schema\/logo\/image\/"}}]}},"_links":{"self":[{"href":"https:\/\/ladianaclubdecaza.com\/pt-pt\/wp-json\/wp\/v2\/pages\/4894","targetHints":{"allow":["GET"]}}],"collection":[{"href":"https:\/\/ladianaclubdecaza.com\/pt-pt\/wp-json\/wp\/v2\/pages"}],"about":[{"href":"https:\/\/ladianaclubdecaza.com\/pt-pt\/wp-json\/wp\/v2\/types\/page"}],"author":[{"embeddable":true,"href":"https:\/\/ladianaclubdecaza.com\/pt-pt\/wp-json\/wp\/v2\/users\/1"}],"replies":[{"embeddable":true,"href":"https:\/\/ladianaclubdecaza.com\/pt-pt\/wp-json\/wp\/v2\/comments?post=4894"}],"version-history":[{"count":5,"href":"https:\/\/ladianaclubdecaza.com\/pt-pt\/wp-json\/wp\/v2\/pages\/4894\/revisions"}],"predecessor-version":[{"id":5817,"href":"https:\/\/ladianaclubdecaza.com\/pt-pt\/wp-json\/wp\/v2\/pages\/4894\/revisions\/5817"}],"wp:attachment":[{"href":"https:\/\/ladianaclubdecaza.com\/pt-pt\/wp-json\/wp\/v2\/media?parent=4894"}],"curies":[{"name":"wp","href":"https:\/\/api.w.org\/{rel}","templated":true}]}}