{"id":5241,"date":"2017-05-23T13:37:16","date_gmt":"2017-05-23T11:37:16","guid":{"rendered":"https:\/\/ladianaclubdecaza.com\/tirages-envoyes-et-a-venir\/"},"modified":"2026-03-10T14:18:59","modified_gmt":"2026-03-10T13:18:59","slug":"tirages-envoyes-et-a-venir","status":"publish","type":"page","link":"https:\/\/ladianaclubdecaza.com\/fr\/tirages-envoyes-et-a-venir\/","title":{"rendered":"Tirages effectu\u00e9s et \u00e0 venir"},"content":{"rendered":"\t\t<div data-elementor-type=\"wp-page\" data-elementor-id=\"5241\" class=\"elementor elementor-5241 elementor-534\" data-elementor-post-type=\"page\">\n\t\t\t\t<div class=\"elementor-element elementor-element-fdb5c37 e-flex e-con-boxed e-con e-parent\" data-id=\"fdb5c37\" data-element_type=\"container\" data-e-type=\"container\" data-settings=\"{&quot;background_background&quot;:&quot;classic&quot;}\">\n\t\t\t\t\t<div class=\"e-con-inner\">\n\t\t<div class=\"elementor-element elementor-element-b7df20e e-flex e-con-boxed e-con e-child\" data-id=\"b7df20e\" data-element_type=\"container\" data-e-type=\"container\" data-settings=\"{&quot;background_background&quot;:&quot;classic&quot;}\">\n\t\t\t\t\t<div class=\"e-con-inner\">\n\t\t\t\t<div class=\"elementor-element elementor-element-110040b elementor-widget elementor-widget-image\" data-id=\"110040b\" data-element_type=\"widget\" data-e-type=\"widget\" data-widget_type=\"image.default\">\n\t\t\t\t\t\t\t\t\t\t\t\t\t\t\t<img decoding=\"async\" src=\"https:\/\/ladianaclubdecaza.com\/wp-content\/uploads\/2025\/04\/Recurso-94.png\" title=\"Ressource 94\" alt=\"Ressource 94\" loading=\"lazy\" \/>\t\t\t\t\t\t\t\t\t\t\t\t\t\t\t<\/div>\n\t\t\t\t<div class=\"elementor-element elementor-element-8088a64 elementor-widget elementor-widget-heading\" data-id=\"8088a64\" data-element_type=\"widget\" data-e-type=\"widget\" data-widget_type=\"heading.default\">\n\t\t\t\t\t<h1 class=\"elementor-heading-title elementor-size-default\">Tirages effectu\u00e9s et \u00e0 venir<\/h1>\t\t\t\t<\/div>\n\t\t\t\t\t<\/div>\n\t\t\t\t<\/div>\n\t\t\t\t\t<\/div>\n\t\t\t\t<\/div>\n\t\t<div class=\"elementor-element elementor-element-697e690 e-flex e-con-boxed e-con e-parent\" data-id=\"697e690\" data-element_type=\"container\" data-e-type=\"container\">\n\t\t\t\t\t<div class=\"e-con-inner\">\n\t\t<div class=\"elementor-element elementor-element-f245b20 e-con-full e-flex e-con e-child\" data-id=\"f245b20\" data-element_type=\"container\" data-e-type=\"container\">\n\t\t<div class=\"elementor-element elementor-element-5aba46d e-con-full e-flex e-con e-child\" data-id=\"5aba46d\" data-element_type=\"container\" data-e-type=\"container\">\n\t\t\t\t<div class=\"elementor-element elementor-element-b9f87dc elementor-widget elementor-widget-shortcode\" data-id=\"b9f87dc\" data-element_type=\"widget\" data-e-type=\"widget\" data-widget_type=\"shortcode.default\">\n\t\t\t\t\t\t\t<div class=\"elementor-shortcode\"><h4>Liste mise \u00e0 jour le 1 mai 2026<\/h4><\/div>\n\t\t\t\t\t\t<\/div>\n\t\t\t\t<\/div>\n\t\t\t\t<\/div>\n\t\t\t\t\t<\/div>\n\t\t\t\t<\/div>\n\t\t<div class=\"elementor-element elementor-element-b37d211 e-flex e-con-boxed e-con e-parent\" data-id=\"b37d211\" data-element_type=\"container\" data-e-type=\"container\" data-settings=\"{&quot;background_background&quot;:&quot;classic&quot;}\">\n\t\t\t\t\t<div class=\"e-con-inner\">\n\t\t<div class=\"elementor-element elementor-element-f0b4faf e-flex e-con-boxed e-con e-child\" data-id=\"f0b4faf\" data-element_type=\"container\" data-e-type=\"container\" data-settings=\"{&quot;background_background&quot;:&quot;gradient&quot;}\">\n\t\t\t\t\t<div class=\"e-con-inner\">\n\t\t\t\t<div class=\"elementor-element elementor-element-606ebc4 elementor-widget elementor-widget-image\" data-id=\"606ebc4\" data-element_type=\"widget\" data-e-type=\"widget\" data-widget_type=\"image.default\">\n\t\t\t\t\t\t\t\t\t\t\t\t\t\t\t<img decoding=\"async\" width=\"50\" height=\"50\" src=\"https:\/\/ladianaclubdecaza.com\/wp-content\/uploads\/2025\/04\/ladiana-4.png\" class=\"attachment-full size-full wp-image-4703\" alt=\"ladiana (4)\" loading=\"eager\" \/>\t\t\t\t\t\t\t\t\t\t\t\t\t\t\t<\/div>\n\t\t\t\t<div class=\"elementor-element elementor-element-b93f425 elementor-widget elementor-widget-heading\" data-id=\"b93f425\" data-element_type=\"widget\" data-e-type=\"widget\" data-widget_type=\"heading.default\">\n\t\t\t\t\t<h1 class=\"elementor-heading-title elementor-size-default\">Tirages \u00e0 venir<\/h1>\t\t\t\t<\/div>\n\t\t\t\t\t<\/div>\n\t\t\t\t<\/div>\n\t\t\t\t\t<\/div>\n\t\t\t\t<\/div>\n\t\t<div class=\"elementor-element elementor-element-f21cdee bloque-resultados e-flex e-con-boxed e-con e-parent\" data-id=\"f21cdee\" data-element_type=\"container\" data-e-type=\"container\">\n\t\t\t\t\t<div class=\"e-con-inner\">\n\t\t<div class=\"elementor-element elementor-element-9be6c56 bloque-resultados e-flex e-con-boxed e-con e-child\" data-id=\"9be6c56\" data-element_type=\"container\" data-e-type=\"container\">\n\t\t\t\t\t<div class=\"e-con-inner\">\n\t\t\t\t<div class=\"elementor-element elementor-element-ce605ce elementor-widget elementor-widget-shortcode\" data-id=\"ce605ce\" data-element_type=\"widget\" data-e-type=\"widget\" data-widget_type=\"shortcode.default\">\n\t\t\t\t\t\t\t<div class=\"elementor-shortcode\"><div class=\"ladiana-sorteos-grid\"><div class=\"ladiana-sorteos-col\"><div class=\"ladiana-sorteos-year\">2026<\/div><div class=\"ladiana-sorteos-month\">Mai<\/div><ul><li><a href=\"https:\/\/ladianaclubdecaza.com\/fr\/aragon-chasse-a-lapproche-du-chevreuil-du-cerf-du-cerf-elaphe-et-du-cerf-male\/\">ARAGON. Chasse \u00e0 l&rsquo;approche du chevreuil, du Bouquetin ib\u00e9rique, du cerf \u00e9laphe et du chamois<\/a><\/li><li><a href=\"https:\/\/ladianaclubdecaza.com\/fr\/castilla-leon-chevre-de-montagne-a-laffut\/\">CASTILLE-ET-LE\u00d3N. Chasse \u00e0 l&rsquo;approche du bouquetin<\/a><\/li><\/ul><div class=\"ladiana-sorteos-month\">Juin<\/div><ul><li><a href=\"https:\/\/ladianaclubdecaza.com\/fr\/andalousie-chasse-a-lapproche-du-cerf-du-chevreuil-du-daim-du-mouflon-et-du-sanglier\/\">ANDALOUSIE : chasse \u00e0 l&rsquo;approche du Bouquetin ib\u00e9rique, Cerf \u00e9laphe, du daim, du mouflon et du sanglier.<\/a><\/li><\/ul><div class=\"ladiana-sorteos-month\">Juillet<\/div><ul><li><a href=\"https:\/\/ladianaclubdecaza.com\/fr\/castellon-traque-au-sanglier\/\">CASTELL\u00d3N. Approche du bouquetin ib\u00e9rique<\/a><\/li><\/ul><div class=\"ladiana-sorteos-month\">Ao\u00fbt<\/div><ul><li><a href=\"https:\/\/ladianaclubdecaza.com\/fr\/comunidad-de-madrid-la-traque-des-males-sauvages\/\">COMMUNAUT\u00c9 DE MADRID. Approche du bouquetin ib\u00e9rique<\/a><\/li><\/ul><div class=\"ladiana-sorteos-month\">Octobre<\/div><ul><li><a href=\"https:\/\/ladianaclubdecaza.com\/fr\/catalogne-chasse-a-lapproche-du-chamois-du-mouflon-du-cerf-elaphe-et-du-chevreuil-chasse-au-trophee\/\">CATALOGNE. Chasse \u00e0 l&rsquo;approche du chamois, du mouflon, du cerf \u00e9laphe et du chevreuil (chasse au troph\u00e9e)<\/a><\/li><\/ul><div class=\"ladiana-sorteos-month\">Novembre<\/div><ul><li><a href=\"https:\/\/ladianaclubdecaza.com\/fr\/catalogne-traque-au-sanglier\/\">CATALOGNE. Chasse \u00e0 l&rsquo;approche au Bouquetin ib\u00e9rique<\/a><\/li><li><a href=\"https:\/\/ladianaclubdecaza.com\/fr\/extremadura-chasse-et-chasse\/\">EXTREMADURA. Battue espagnole<\/a><\/li><li><a href=\"https:\/\/ladianaclubdecaza.com\/fr\/extremadura-chasse-au-chevreuil-au-mouflon-au-cerf-elaphe-et-au-daim\/\">EXTREMADURA. Chasse \u00e0 l&rsquo;approche au Bouquetin ib\u00e9rique, au mouflon, au cerf \u00e9laphe et au daim<\/a><\/li><li><a href=\"https:\/\/ladianaclubdecaza.com\/fr\/la-rioja-chasse-a-lapproche-du-chevreuil-et-du-cerf-elaphe\/\">LA RIOJA. Chasse \u00e0 l&rsquo;approche du chevreuil et du cerf \u00e9laphe<\/a><\/li><\/ul><div class=\"ladiana-sorteos-month\">D\u00e9cembre<\/div><ul><li><a href=\"https:\/\/ladianaclubdecaza.com\/fr\/catalogne-chasse-a-lapproche-du-chamois-du-cerf-elaphe-et-du-chevreuil-chasse-selective\/\">CATALOGNE. Chasse \u00e0 l&rsquo;approche du chamois, du cerf \u00e9laphe et du chevreuil (chasse s\u00e9lective).<\/a><\/li><\/ul><\/div><div class=\"ladiana-sorteos-col\"><div class=\"ladiana-sorteos-year\">2027<\/div><div class=\"ladiana-sorteos-month\">janvier<\/div><ul><li><a href=\"https:\/\/ladianaclubdecaza.com\/fr\/asturias-chasse-a-lapproche-du-chevreuil-du-chamois-du-cerf-elaphe-et-du-daim\/\">ASTURIAS. Chasse \u00e0 l&rsquo;approche du chevreuil, du chamois, du cerf et du daim<\/a><\/li><li><a href=\"https:\/\/ladianaclubdecaza.com\/fr\/castille-la-mancha-chasse-et-chasse\/\">CASTILLE LA MANCHA. Battue espagnole<\/a><\/li><li><a href=\"https:\/\/ladianaclubdecaza.com\/fr\/castille-la-mancha-traque-des-cerfs-et-des-daims\/\">CASTILLE LA MANCHA. Chasse \u00e0 l&rsquo;approche des cerfs et des Bouquetin ib\u00e9rique<\/a><\/li><\/ul><div class=\"ladiana-sorteos-month\">mars<\/div><ul><li><a href=\"https:\/\/ladianaclubdecaza.com\/fr\/communaute-valencienne-chasse-au-chevreuil-au-mouflon-au-cerf-elaphe-et-au-daim\/\">COMMUNAUT\u00c9 VALENCIENNE. Chasse \u00e0 l&rsquo;approche au Bouquetin ib\u00e9rique, au mouflon, au cerf \u00e9laphe et au daim.<\/a><\/li><\/ul><div class=\"ladiana-sorteos-month\">avril<\/div><ul><li><a href=\"https:\/\/ladianaclubdecaza.com\/fr\/catalogne-daims-cerfs-mouflons-chevreuils-et-chamois-autonomes\/\">CATALOGNE. Chasse \u00e0 l&rsquo;approche Daims, cerfs, mouflons, chevreuils et chamois (chasseurs r\u00e9gionaux)<\/a><\/li><\/ul><div class=\"ladiana-sorteos-month\">mai<\/div><ul><li><a href=\"https:\/\/ladianaclubdecaza.com\/fr\/aragon-chasse-a-lapproche-du-chevreuil-du-cerf-du-cerf-elaphe-et-du-cerf-male\/\">ARAGON. Chasse \u00e0 l&rsquo;approche du chevreuil, du Bouquetin ib\u00e9rique, du cerf \u00e9laphe et du chamois<\/a><\/li><li><a href=\"https:\/\/ladianaclubdecaza.com\/fr\/castilla-leon-chevre-de-montagne-a-laffut\/\">CASTILLE-ET-LE\u00d3N. Chasse \u00e0 l&rsquo;approche du bouquetin<\/a><\/li><\/ul><div class=\"ladiana-sorteos-month\">juin<\/div><ul><li><a href=\"https:\/\/ladianaclubdecaza.com\/fr\/andalousie-chasse-a-lapproche-du-cerf-du-chevreuil-du-daim-du-mouflon-et-du-sanglier\/\">ANDALOUSIE : chasse \u00e0 l&rsquo;approche du Bouquetin ib\u00e9rique, Cerf \u00e9laphe, du daim, du mouflon et du sanglier.<\/a><\/li><\/ul><div class=\"ladiana-sorteos-month\">juillet<\/div><ul><li><a href=\"https:\/\/ladianaclubdecaza.com\/fr\/castellon-traque-au-sanglier\/\">CASTELL\u00d3N. Approche du bouquetin ib\u00e9rique<\/a><\/li><\/ul><div class=\"ladiana-sorteos-month\">ao\u00fbt<\/div><ul><li><a href=\"https:\/\/ladianaclubdecaza.com\/fr\/comunidad-de-madrid-la-traque-des-males-sauvages\/\">COMMUNAUT\u00c9 DE MADRID. Approche du bouquetin ib\u00e9rique<\/a><\/li><\/ul><\/div><\/div><\/div>\n\t\t\t\t\t\t<\/div>\n\t\t\t\t\t<\/div>\n\t\t\t\t<\/div>\n\t\t\t\t\t<\/div>\n\t\t\t\t<\/div>\n\t\t<div class=\"elementor-element elementor-element-cc1bb86 e-flex e-con-boxed e-con e-parent\" data-id=\"cc1bb86\" data-element_type=\"container\" data-e-type=\"container\" data-settings=\"{&quot;background_background&quot;:&quot;classic&quot;}\">\n\t\t\t\t\t<div class=\"e-con-inner\">\n\t\t<div class=\"elementor-element elementor-element-c4f87bd e-flex e-con-boxed e-con e-child\" data-id=\"c4f87bd\" data-element_type=\"container\" data-e-type=\"container\" data-settings=\"{&quot;background_background&quot;:&quot;gradient&quot;}\">\n\t\t\t\t\t<div class=\"e-con-inner\">\n\t\t\t\t<div class=\"elementor-element elementor-element-8efec64 elementor-widget elementor-widget-image\" data-id=\"8efec64\" data-element_type=\"widget\" data-e-type=\"widget\" data-widget_type=\"image.default\">\n\t\t\t\t\t\t\t\t\t\t\t\t\t\t\t<img loading=\"lazy\" decoding=\"async\" width=\"50\" height=\"50\" src=\"https:\/\/ladianaclubdecaza.com\/wp-content\/uploads\/2025\/04\/ladiana-1.png\" class=\"attachment-full size-full wp-image-4706\" alt=\"ladiana (1)\" loading=\"lazy\" \/>\t\t\t\t\t\t\t\t\t\t\t\t\t\t\t<\/div>\n\t\t\t\t<div class=\"elementor-element elementor-element-959186f elementor-widget elementor-widget-heading\" data-id=\"959186f\" data-element_type=\"widget\" data-e-type=\"widget\" data-widget_type=\"heading.default\">\n\t\t\t\t\t<h1 class=\"elementor-heading-title elementor-size-default\">Tirages r\u00e9cemment effectu\u00e9s<\/h1>\t\t\t\t<\/div>\n\t\t\t\t\t<\/div>\n\t\t\t\t<\/div>\n\t\t\t\t\t<\/div>\n\t\t\t\t<\/div>\n\t\t<div class=\"elementor-element elementor-element-d254fd2 bloque-resultados e-flex e-con-boxed e-con e-parent\" data-id=\"d254fd2\" data-element_type=\"container\" data-e-type=\"container\">\n\t\t\t\t\t<div class=\"e-con-inner\">\n\t\t<div class=\"elementor-element elementor-element-4d1f736 bloque-resultados e-flex e-con-boxed e-con e-child\" data-id=\"4d1f736\" data-element_type=\"container\" data-e-type=\"container\">\n\t\t\t\t\t<div class=\"e-con-inner\">\n\t\t\t\t<div class=\"elementor-element elementor-element-f1e2d0d elementor-widget elementor-widget-shortcode\" data-id=\"f1e2d0d\" data-element_type=\"widget\" data-e-type=\"widget\" data-widget_type=\"shortcode.default\">\n\t\t\t\t\t\t\t<div class=\"elementor-shortcode\"><div class=\"ladiana-sorteos-grid\"><div class=\"ladiana-sorteos-col\"><div class=\"ladiana-sorteos-year\">2026<\/div><div class=\"ladiana-sorteos-month\">Janvier<\/div><ul><li><a href=\"https:\/\/ladianaclubdecaza.com\/fr\/asturias-chasse-a-lapproche-du-chevreuil-du-chamois-du-cerf-elaphe-et-du-daim\/\">ASTURIAS. Chasse \u00e0 l&rsquo;approche du chevreuil, du chamois, du cerf et du daim<\/a><\/li><li><a href=\"https:\/\/ladianaclubdecaza.com\/fr\/castille-la-mancha-chasse-et-chasse\/\">CASTILLE LA MANCHA. Battue espagnole<\/a><\/li><li><a href=\"https:\/\/ladianaclubdecaza.com\/fr\/castille-la-mancha-traque-des-cerfs-et-des-daims\/\">CASTILLE LA MANCHA. Chasse \u00e0 l&rsquo;approche des cerfs et des Bouquetin ib\u00e9rique<\/a><\/li><\/ul><div class=\"ladiana-sorteos-month\">Mars<\/div><ul><li><a href=\"https:\/\/ladianaclubdecaza.com\/fr\/communaute-valencienne-chasse-au-chevreuil-au-mouflon-au-cerf-elaphe-et-au-daim\/\">COMMUNAUT\u00c9 VALENCIENNE. Chasse \u00e0 l&rsquo;approche au Bouquetin ib\u00e9rique, au mouflon, au cerf \u00e9laphe et au daim.<\/a><\/li><\/ul><div class=\"ladiana-sorteos-month\">Avril<\/div><ul><li><a href=\"https:\/\/ladianaclubdecaza.com\/fr\/catalogne-daims-cerfs-mouflons-chevreuils-et-chamois-autonomes\/\">CATALOGNE. Chasse \u00e0 l&rsquo;approche Daims, cerfs, mouflons, chevreuils et chamois (chasseurs r\u00e9gionaux)<\/a><\/li><\/ul><\/div><div class=\"ladiana-sorteos-col\"><div class=\"ladiana-sorteos-year\">2025<\/div><div class=\"ladiana-sorteos-month\">Octobre<\/div><ul><li><a href=\"https:\/\/ladianaclubdecaza.com\/fr\/catalogne-chasse-a-lapproche-du-chamois-du-mouflon-du-cerf-elaphe-et-du-chevreuil-chasse-au-trophee\/\">CATALOGNE. Chasse \u00e0 l&rsquo;approche du chamois, du mouflon, du cerf \u00e9laphe et du chevreuil (chasse au troph\u00e9e)<\/a><\/li><\/ul><div class=\"ladiana-sorteos-month\">Novembre<\/div><ul><li><a href=\"https:\/\/ladianaclubdecaza.com\/fr\/catalogne-traque-au-sanglier\/\">CATALOGNE. Chasse \u00e0 l&rsquo;approche au Bouquetin ib\u00e9rique<\/a><\/li><li><a href=\"https:\/\/ladianaclubdecaza.com\/fr\/extremadura-chasse-et-chasse\/\">EXTREMADURA. Battue espagnole<\/a><\/li><li><a href=\"https:\/\/ladianaclubdecaza.com\/fr\/extremadura-chasse-au-chevreuil-au-mouflon-au-cerf-elaphe-et-au-daim\/\">EXTREMADURA. Chasse \u00e0 l&rsquo;approche au Bouquetin ib\u00e9rique, au mouflon, au cerf \u00e9laphe et au daim<\/a><\/li><li><a href=\"https:\/\/ladianaclubdecaza.com\/fr\/la-rioja-chasse-a-lapproche-du-chevreuil-et-du-cerf-elaphe\/\">LA RIOJA. Chasse \u00e0 l&rsquo;approche du chevreuil et du cerf \u00e9laphe<\/a><\/li><\/ul><div class=\"ladiana-sorteos-month\">D\u00e9cembre<\/div><ul><li><a href=\"https:\/\/ladianaclubdecaza.com\/fr\/catalogne-chasse-a-lapproche-du-chamois-du-cerf-elaphe-et-du-chevreuil-chasse-selective\/\">CATALOGNE. Chasse \u00e0 l&rsquo;approche du chamois, du cerf \u00e9laphe et du chevreuil (chasse s\u00e9lective).<\/a><\/li><\/ul><\/div><\/div><\/div>\n\t\t\t\t\t\t<\/div>\n\t\t\t\t\t<\/div>\n\t\t\t\t<\/div>\n\t\t\t\t\t<\/div>\n\t\t\t\t<\/div>\n\t\t\t\t<\/div>\n\t\t","protected":false},"excerpt":{"rendered":"<p>Tirages effectu\u00e9s et \u00e0 venir Tirages \u00e0 venir Tirages r\u00e9cemment effectu\u00e9s<\/p>\n","protected":false},"author":1,"featured_media":0,"parent":0,"menu_order":0,"comment_status":"closed","ping_status":"closed","template":"","meta":{"_acf_changed":false,"footnotes":""},"class_list":["post-5241","page","type-page","status-publish","hentry"],"acf":[],"yoast_head":"<!-- This site is optimized with the Yoast SEO plugin v27.5 - https:\/\/yoast.com\/product\/yoast-seo-wordpress\/ -->\n<title>Tirages effectu\u00e9s et \u00e0 venir - Armer\u00eda la Diana<\/title>\n<meta name=\"description\" content=\"Tirages effectu\u00e9s et \u00e0 venir                Tirages \u00e0 venir                Tirages r\u00e9cemment effectu\u00e9s ...\" \/>\n<meta name=\"robots\" content=\"index, follow, max-snippet:-1, max-image-preview:large, max-video-preview:-1\" \/>\n<link rel=\"canonical\" href=\"https:\/\/ladianaclubdecaza.com\/fr\/tirages-envoyes-et-a-venir\/\" \/>\n<meta property=\"og:locale\" content=\"fr_FR\" \/>\n<meta property=\"og:type\" content=\"article\" \/>\n<meta property=\"og:title\" content=\"Tirages effectu\u00e9s et \u00e0 venir - Armer\u00eda la Diana\" \/>\n<meta property=\"og:description\" content=\"Tirages effectu\u00e9s et \u00e0 venir                Tirages \u00e0 venir                Tirages r\u00e9cemment effectu\u00e9s ...\" \/>\n<meta property=\"og:url\" content=\"https:\/\/ladianaclubdecaza.com\/fr\/tirages-envoyes-et-a-venir\/\" \/>\n<meta property=\"og:site_name\" content=\"Armer\u00eda la Diana\" \/>\n<meta property=\"article:modified_time\" content=\"2026-03-10T13:18:59+00:00\" \/>\n<meta property=\"og:image\" content=\"https:\/\/ladianaclubdecaza.com\/wp-content\/uploads\/2025\/04\/Recurso-94.png\" \/>\n<meta name=\"twitter:card\" content=\"summary_large_image\" \/>\n<script type=\"application\/ld+json\" class=\"yoast-schema-graph\">{\"@context\":\"https:\\\/\\\/schema.org\",\"@graph\":[{\"@type\":\"WebPage\",\"@id\":\"https:\\\/\\\/ladianaclubdecaza.com\\\/fr\\\/tirages-envoyes-et-a-venir\\\/\",\"url\":\"https:\\\/\\\/ladianaclubdecaza.com\\\/fr\\\/tirages-envoyes-et-a-venir\\\/\",\"name\":\"Tirages effectu\u00e9s et \u00e0 venir - Armer\u00eda la Diana\",\"isPartOf\":{\"@id\":\"https:\\\/\\\/ladianaclubdecaza.com\\\/fr\\\/#website\"},\"primaryImageOfPage\":{\"@id\":\"https:\\\/\\\/ladianaclubdecaza.com\\\/fr\\\/tirages-envoyes-et-a-venir\\\/#primaryimage\"},\"image\":{\"@id\":\"https:\\\/\\\/ladianaclubdecaza.com\\\/fr\\\/tirages-envoyes-et-a-venir\\\/#primaryimage\"},\"thumbnailUrl\":\"https:\\\/\\\/ladianaclubdecaza.com\\\/wp-content\\\/uploads\\\/2025\\\/04\\\/Recurso-94.png\",\"datePublished\":\"2017-05-23T11:37:16+00:00\",\"dateModified\":\"2026-03-10T13:18:59+00:00\",\"description\":\"Tirages effectu\u00e9s et \u00e0 venir Tirages \u00e0 venir Tirages r\u00e9cemment effectu\u00e9s ...\",\"breadcrumb\":{\"@id\":\"https:\\\/\\\/ladianaclubdecaza.com\\\/fr\\\/tirages-envoyes-et-a-venir\\\/#breadcrumb\"},\"inLanguage\":\"fr-FR\",\"potentialAction\":[{\"@type\":\"ReadAction\",\"target\":[\"https:\\\/\\\/ladianaclubdecaza.com\\\/fr\\\/tirages-envoyes-et-a-venir\\\/\"]}]},{\"@type\":\"ImageObject\",\"inLanguage\":\"fr-FR\",\"@id\":\"https:\\\/\\\/ladianaclubdecaza.com\\\/fr\\\/tirages-envoyes-et-a-venir\\\/#primaryimage\",\"url\":\"https:\\\/\\\/ladianaclubdecaza.com\\\/wp-content\\\/uploads\\\/2025\\\/04\\\/Recurso-94.png\",\"contentUrl\":\"https:\\\/\\\/ladianaclubdecaza.com\\\/wp-content\\\/uploads\\\/2025\\\/04\\\/Recurso-94.png\"},{\"@type\":\"BreadcrumbList\",\"@id\":\"https:\\\/\\\/ladianaclubdecaza.com\\\/fr\\\/tirages-envoyes-et-a-venir\\\/#breadcrumb\",\"itemListElement\":[{\"@type\":\"ListItem\",\"position\":1,\"name\":\"Inicio\",\"item\":\"https:\\\/\\\/ladianaclubdecaza.com\\\/fr\\\/\"},{\"@type\":\"ListItem\",\"position\":2,\"name\":\"Tirages effectu\u00e9s et \u00e0 venir\"}]},{\"@type\":\"WebSite\",\"@id\":\"https:\\\/\\\/ladianaclubdecaza.com\\\/fr\\\/#website\",\"url\":\"https:\\\/\\\/ladianaclubdecaza.com\\\/fr\\\/\",\"name\":\"Armer\u00eda la Diana\",\"description\":\"Grande chasse club\\n\",\"publisher\":{\"@id\":\"https:\\\/\\\/ladianaclubdecaza.com\\\/fr\\\/#organization\"},\"potentialAction\":[{\"@type\":\"SearchAction\",\"target\":{\"@type\":\"EntryPoint\",\"urlTemplate\":\"https:\\\/\\\/ladianaclubdecaza.com\\\/fr\\\/?s={search_term_string}\"},\"query-input\":{\"@type\":\"PropertyValueSpecification\",\"valueRequired\":true,\"valueName\":\"search_term_string\"}}],\"inLanguage\":\"fr-FR\"},{\"@type\":\"Organization\",\"@id\":\"https:\\\/\\\/ladianaclubdecaza.com\\\/fr\\\/#organization\",\"name\":\"Armer\u00eda la Diana\",\"url\":\"https:\\\/\\\/ladianaclubdecaza.com\\\/fr\\\/\",\"logo\":{\"@type\":\"ImageObject\",\"inLanguage\":\"fr-FR\",\"@id\":\"https:\\\/\\\/ladianaclubdecaza.com\\\/fr\\\/#\\\/schema\\\/logo\\\/image\\\/\",\"url\":\"https:\\\/\\\/ladianaclubdecaza.com\\\/wp-content\\\/uploads\\\/2024\\\/12\\\/Logo_LD.png\",\"contentUrl\":\"https:\\\/\\\/ladianaclubdecaza.com\\\/wp-content\\\/uploads\\\/2024\\\/12\\\/Logo_LD.png\",\"width\":310,\"height\":100,\"caption\":\"Armer\u00eda la Diana\"},\"image\":{\"@id\":\"https:\\\/\\\/ladianaclubdecaza.com\\\/fr\\\/#\\\/schema\\\/logo\\\/image\\\/\"}}]}<\/script>\n<!-- \/ Yoast SEO plugin. -->","yoast_head_json":{"title":"Tirages effectu\u00e9s et \u00e0 venir - Armer\u00eda la Diana","description":"Tirages effectu\u00e9s et \u00e0 venir                Tirages \u00e0 venir                Tirages r\u00e9cemment effectu\u00e9s ...","robots":{"index":"index","follow":"follow","max-snippet":"max-snippet:-1","max-image-preview":"max-image-preview:large","max-video-preview":"max-video-preview:-1"},"canonical":"https:\/\/ladianaclubdecaza.com\/fr\/tirages-envoyes-et-a-venir\/","og_locale":"fr_FR","og_type":"article","og_title":"Tirages effectu\u00e9s et \u00e0 venir - Armer\u00eda la Diana","og_description":"Tirages effectu\u00e9s et \u00e0 venir                Tirages \u00e0 venir                Tirages r\u00e9cemment effectu\u00e9s ...","og_url":"https:\/\/ladianaclubdecaza.com\/fr\/tirages-envoyes-et-a-venir\/","og_site_name":"Armer\u00eda la Diana","article_modified_time":"2026-03-10T13:18:59+00:00","og_image":[{"url":"https:\/\/ladianaclubdecaza.com\/wp-content\/uploads\/2025\/04\/Recurso-94.png","type":"","width":"","height":""}],"twitter_card":"summary_large_image","schema":{"@context":"https:\/\/schema.org","@graph":[{"@type":"WebPage","@id":"https:\/\/ladianaclubdecaza.com\/fr\/tirages-envoyes-et-a-venir\/","url":"https:\/\/ladianaclubdecaza.com\/fr\/tirages-envoyes-et-a-venir\/","name":"Tirages effectu\u00e9s et \u00e0 venir - Armer\u00eda la Diana","isPartOf":{"@id":"https:\/\/ladianaclubdecaza.com\/fr\/#website"},"primaryImageOfPage":{"@id":"https:\/\/ladianaclubdecaza.com\/fr\/tirages-envoyes-et-a-venir\/#primaryimage"},"image":{"@id":"https:\/\/ladianaclubdecaza.com\/fr\/tirages-envoyes-et-a-venir\/#primaryimage"},"thumbnailUrl":"https:\/\/ladianaclubdecaza.com\/wp-content\/uploads\/2025\/04\/Recurso-94.png","datePublished":"2017-05-23T11:37:16+00:00","dateModified":"2026-03-10T13:18:59+00:00","description":"Tirages effectu\u00e9s et \u00e0 venir Tirages \u00e0 venir Tirages r\u00e9cemment effectu\u00e9s ...","breadcrumb":{"@id":"https:\/\/ladianaclubdecaza.com\/fr\/tirages-envoyes-et-a-venir\/#breadcrumb"},"inLanguage":"fr-FR","potentialAction":[{"@type":"ReadAction","target":["https:\/\/ladianaclubdecaza.com\/fr\/tirages-envoyes-et-a-venir\/"]}]},{"@type":"ImageObject","inLanguage":"fr-FR","@id":"https:\/\/ladianaclubdecaza.com\/fr\/tirages-envoyes-et-a-venir\/#primaryimage","url":"https:\/\/ladianaclubdecaza.com\/wp-content\/uploads\/2025\/04\/Recurso-94.png","contentUrl":"https:\/\/ladianaclubdecaza.com\/wp-content\/uploads\/2025\/04\/Recurso-94.png"},{"@type":"BreadcrumbList","@id":"https:\/\/ladianaclubdecaza.com\/fr\/tirages-envoyes-et-a-venir\/#breadcrumb","itemListElement":[{"@type":"ListItem","position":1,"name":"Inicio","item":"https:\/\/ladianaclubdecaza.com\/fr\/"},{"@type":"ListItem","position":2,"name":"Tirages effectu\u00e9s et \u00e0 venir"}]},{"@type":"WebSite","@id":"https:\/\/ladianaclubdecaza.com\/fr\/#website","url":"https:\/\/ladianaclubdecaza.com\/fr\/","name":"Armer\u00eda la Diana","description":"Grande chasse club\n","publisher":{"@id":"https:\/\/ladianaclubdecaza.com\/fr\/#organization"},"potentialAction":[{"@type":"SearchAction","target":{"@type":"EntryPoint","urlTemplate":"https:\/\/ladianaclubdecaza.com\/fr\/?s={search_term_string}"},"query-input":{"@type":"PropertyValueSpecification","valueRequired":true,"valueName":"search_term_string"}}],"inLanguage":"fr-FR"},{"@type":"Organization","@id":"https:\/\/ladianaclubdecaza.com\/fr\/#organization","name":"Armer\u00eda la Diana","url":"https:\/\/ladianaclubdecaza.com\/fr\/","logo":{"@type":"ImageObject","inLanguage":"fr-FR","@id":"https:\/\/ladianaclubdecaza.com\/fr\/#\/schema\/logo\/image\/","url":"https:\/\/ladianaclubdecaza.com\/wp-content\/uploads\/2024\/12\/Logo_LD.png","contentUrl":"https:\/\/ladianaclubdecaza.com\/wp-content\/uploads\/2024\/12\/Logo_LD.png","width":310,"height":100,"caption":"Armer\u00eda la Diana"},"image":{"@id":"https:\/\/ladianaclubdecaza.com\/fr\/#\/schema\/logo\/image\/"}}]}},"_links":{"self":[{"href":"https:\/\/ladianaclubdecaza.com\/fr\/wp-json\/wp\/v2\/pages\/5241","targetHints":{"allow":["GET"]}}],"collection":[{"href":"https:\/\/ladianaclubdecaza.com\/fr\/wp-json\/wp\/v2\/pages"}],"about":[{"href":"https:\/\/ladianaclubdecaza.com\/fr\/wp-json\/wp\/v2\/types\/page"}],"author":[{"embeddable":true,"href":"https:\/\/ladianaclubdecaza.com\/fr\/wp-json\/wp\/v2\/users\/1"}],"replies":[{"embeddable":true,"href":"https:\/\/ladianaclubdecaza.com\/fr\/wp-json\/wp\/v2\/comments?post=5241"}],"version-history":[{"count":8,"href":"https:\/\/ladianaclubdecaza.com\/fr\/wp-json\/wp\/v2\/pages\/5241\/revisions"}],"predecessor-version":[{"id":6687,"href":"https:\/\/ladianaclubdecaza.com\/fr\/wp-json\/wp\/v2\/pages\/5241\/revisions\/6687"}],"wp:attachment":[{"href":"https:\/\/ladianaclubdecaza.com\/fr\/wp-json\/wp\/v2\/media?parent=5241"}],"curies":[{"name":"wp","href":"https:\/\/api.w.org\/{rel}","templated":true}]}}