{"id":5190,"date":"2025-04-19T12:16:12","date_gmt":"2025-04-19T10:16:12","guid":{"rendered":"https:\/\/ladianaclubdecaza.com\/resultats-du-tirage-au-sort\/"},"modified":"2026-05-07T12:38:07","modified_gmt":"2026-05-07T10:38:07","slug":"resultats-du-tirage-au-sort","status":"publish","type":"page","link":"https:\/\/ladianaclubdecaza.com\/fr\/resultats-du-tirage-au-sort\/","title":{"rendered":"R\u00e9sultats du tirage au sort"},"content":{"rendered":"\t\t<div data-elementor-type=\"wp-page\" data-elementor-id=\"5190\" class=\"elementor elementor-5190 elementor-1523\" data-elementor-post-type=\"page\">\n\t\t\t\t<div class=\"elementor-element elementor-element-7900582 e-flex e-con-boxed e-con e-parent\" data-id=\"7900582\" data-element_type=\"container\" data-e-type=\"container\" data-settings=\"{&quot;background_background&quot;:&quot;classic&quot;}\">\n\t\t\t\t\t<div class=\"e-con-inner\">\n\t\t<div class=\"elementor-element elementor-element-00300e6 e-flex e-con-boxed e-con e-child\" data-id=\"00300e6\" data-element_type=\"container\" data-e-type=\"container\" data-settings=\"{&quot;background_background&quot;:&quot;classic&quot;}\">\n\t\t\t\t\t<div class=\"e-con-inner\">\n\t\t\t\t<div class=\"elementor-element elementor-element-9808d1c elementor-widget elementor-widget-image\" data-id=\"9808d1c\" data-element_type=\"widget\" data-e-type=\"widget\" data-widget_type=\"image.default\">\n\t\t\t\t\t\t\t\t\t\t\t\t\t\t\t<img decoding=\"async\" width=\"50\" height=\"50\" src=\"https:\/\/ladianaclubdecaza.com\/wp-content\/uploads\/2025\/04\/ladiana-3.png\" class=\"attachment-full size-full wp-image-4700\" alt=\"ladiana (3)\" loading=\"eager\" \/>\t\t\t\t\t\t\t\t\t\t\t\t\t\t\t<\/div>\n\t\t\t\t<div class=\"elementor-element elementor-element-f53614d elementor-widget elementor-widget-heading\" data-id=\"f53614d\" data-element_type=\"widget\" data-e-type=\"widget\" data-widget_type=\"heading.default\">\n\t\t\t\t\t<h1 class=\"elementor-heading-title elementor-size-default\">R\u00e9sultats<\/h1>\t\t\t\t<\/div>\n\t\t\t\t\t<\/div>\n\t\t\t\t<\/div>\n\t\t\t\t\t<\/div>\n\t\t\t\t<\/div>\n\t\t<div class=\"elementor-element elementor-element-9dd1359 e-flex e-con-boxed e-con e-parent\" data-id=\"9dd1359\" data-element_type=\"container\" data-e-type=\"container\">\n\t\t\t\t\t<div class=\"e-con-inner\">\n\t\t<div class=\"elementor-element elementor-element-b832d8f e-con-full e-flex e-con e-child\" data-id=\"b832d8f\" data-element_type=\"container\" data-e-type=\"container\">\n\t\t<div class=\"elementor-element elementor-element-1dd4447 e-con-full e-flex e-con e-child\" data-id=\"1dd4447\" data-element_type=\"container\" data-e-type=\"container\">\n\t\t\t\t<div class=\"elementor-element elementor-element-7a62b9b elementor-widget elementor-widget-text-editor\" data-id=\"7a62b9b\" data-element_type=\"widget\" data-e-type=\"widget\" data-widget_type=\"text-editor.default\">\n\t\t\t\t\t\t\t\t\t<p>Listes des laur\u00e9ats. Mis \u00e0 jour le 07\/05\/2026 <\/p>\t\t\t\t\t\t\t\t<\/div>\n\t\t\t\t<\/div>\n\t\t\t\t<\/div>\n\t\t\t\t\t<\/div>\n\t\t\t\t<\/div>\n\t\t<div class=\"elementor-element elementor-element-4beb280 bloque-resultados e-flex e-con-boxed e-con e-parent\" data-id=\"4beb280\" data-element_type=\"container\" data-e-type=\"container\">\n\t\t\t\t\t<div class=\"e-con-inner\">\n\t\t<div class=\"elementor-element elementor-element-cb8aad0 bloque-resultados e-flex e-con-boxed e-con e-child\" data-id=\"cb8aad0\" data-element_type=\"container\" data-e-type=\"container\">\n\t\t\t\t\t<div class=\"e-con-inner\">\n\t\t\t\t<div class=\"elementor-element elementor-element-bcf0ba7 elementor-widget elementor-widget-shortcode\" data-id=\"bcf0ba7\" data-element_type=\"widget\" data-e-type=\"widget\" data-widget_type=\"shortcode.default\">\n\t\t\t\t\t\t\t<div class=\"elementor-shortcode\"><ul class=\"ladiana-resultados-sorteos\"><li><h3>Castille-La Manche<\/h3> \u2014 <a href=\"https:\/\/ladianaclubdecaza.com\/fr\/dessin-de-la-chasse-a-lapproche-et-de-la-chasse-dans-les-reserves-sociales-de-castilla-la-mancha\/\">Tirages au sort pour des chasses \u00e0 l\u2019approche et des battues dans les R\u00e9serves Sociales de Chasse de Castille-La Manche<\/a><\/li><li><h3>Catalogne<\/h3> \u2014 <a href=\"https:\/\/ladianaclubdecaza.com\/fr\/tirage-au-sort-du-trophee-pour-la-chasse-a-lapproche-dans-les-reserves-nationales-de-chasse-de-catalogne\/\">Tirage au sort du TROPHEE pour la chasse \u00e0 l&rsquo;approche dans les r\u00e9serves nationales de chasse de Catalogne<\/a><\/li><li><h3>Estr\u00e9madure<\/h3> \u2014 <a href=\"https:\/\/ladianaclubdecaza.com\/fr\/tirage-au-sort-pour-la-chasse-et-lapproche-dans-les-reserves-nationales-de-chasse-destremadure\/\">Tirage au sort pour la Battue espagnole et la Chasse \u00e0 l&rsquo;approche dans les r\u00e9serves nationales de chasse d&rsquo;Estr\u00e9madure<\/a><\/li><li><h3>Catalogne<\/h3> \u2014 <a href=\"https:\/\/ladianaclubdecaza.com\/fr\/tirage-au-sort-selectif-a-lapproche-dans-les-reserves-nationales-de-chasse-de-catalogne\/\">Tirage au sort Chasse \u00e0 l&rsquo;approcheSELECTIF \u00e0 l&rsquo;approche dans les r\u00e9serves nationales de chasse de Catalogne<\/a><\/li><li><h3>Communaut\u00e9 de Madrid<\/h3> \u2014 <a href=\"https:\/\/ladianaclubdecaza.com\/fr\/tirage-au-sort-dans-la-reserve-nationale-de-sonsaz-a-madrid\/\">Tirage au sort des permis de chasse \u00e0 l&rsquo;approche dans la r\u00e9serve nationale de Sonsaz \u00e0 Madrid<\/a><\/li><li><h3>Andaluc\u00eda<\/h3> \u2014 <a href=\"https:\/\/ladianaclubdecaza.com\/fr\/tirage-au-sort-pour-la-chasse-a-lapproche-dans-les-reserves-nationales-de-chasse-dandalousie\/\">Tirage au sort pour la chasse \u00e0 l&rsquo;approche dans les r\u00e9serves nationales de chasse d&rsquo;Andalousie<\/a><\/li><li><h3>Arag\u00f3n<\/h3> \u2014 <a href=\"https:\/\/ladianaclubdecaza.com\/fr\/dessin-de-tiges-dans-les-reserves-nationales-de-chasse-de-laragon\/\">Dessin de tiges dans les R\u00e9serves Nationales de Chasse de l&rsquo;Aragon<\/a><\/li><li><h3>Communaut\u00e9 valencienne<\/h3> \u2014 <a href=\"https:\/\/ladianaclubdecaza.com\/fr\/tirage-au-sort-dans-la-reserve-nationale-de-la-muela-de-cortes-a-valence\/\">Tirage au sort dans la r\u00e9serve nationale de la Muela de Cortes \u00e0 Valence<\/a><\/li><li><h3>La Rioja<\/h3> \u2014 <a href=\"https:\/\/ladianaclubdecaza.com\/fr\/tirage-au-sort-pour-la-chasse-a-lapproche-du-cerf-et-du-chevreuil-dans-la-reserve-nationale-de-chasse-de-demanda-cameros-dans-la-rioja\/\">Tirage au sort pour la chasse \u00e0 l&rsquo;approche du cerf et du chevreuil dans la r\u00e9serve nationale de chasse de Demanda-Cameros dans La Rioja<\/a><\/li><\/ul>\n<\/div>\n\t\t\t\t\t\t<\/div>\n\t\t\t\t\t<\/div>\n\t\t\t\t<\/div>\n\t\t\t\t\t<\/div>\n\t\t\t\t<\/div>\n\t\t\t\t<\/div>\n\t\t","protected":false},"excerpt":{"rendered":"<p>R\u00e9sultats Listes des laur\u00e9ats. Mis \u00e0 jour le 07\/05\/2026<\/p>\n","protected":false},"author":1,"featured_media":0,"parent":0,"menu_order":0,"comment_status":"closed","ping_status":"closed","template":"","meta":{"_acf_changed":false,"footnotes":""},"class_list":["post-5190","page","type-page","status-publish","hentry"],"acf":[],"yoast_head":"<!-- This site is optimized with the Yoast SEO plugin v27.5 - https:\/\/yoast.com\/product\/yoast-seo-wordpress\/ -->\n<title>R\u00e9sultats du tirage au sort - Armer\u00eda la Diana<\/title>\n<meta name=\"description\" content=\"R\u00e9sultats Listes des laur\u00e9ats. Mis \u00e0 jour le 07\/05\/2026 ...\" \/>\n<meta name=\"robots\" content=\"index, follow, max-snippet:-1, max-image-preview:large, max-video-preview:-1\" \/>\n<link rel=\"canonical\" href=\"https:\/\/ladianaclubdecaza.com\/fr\/resultats-du-tirage-au-sort\/\" \/>\n<meta property=\"og:locale\" content=\"fr_FR\" \/>\n<meta property=\"og:type\" content=\"article\" \/>\n<meta property=\"og:title\" content=\"R\u00e9sultats du tirage au sort - Armer\u00eda la Diana\" \/>\n<meta property=\"og:description\" content=\"R\u00e9sultats Listes des laur\u00e9ats. Mis \u00e0 jour le 07\/05\/2026 ...\" \/>\n<meta property=\"og:url\" content=\"https:\/\/ladianaclubdecaza.com\/fr\/resultats-du-tirage-au-sort\/\" \/>\n<meta property=\"og:site_name\" content=\"Armer\u00eda la Diana\" \/>\n<meta property=\"article:modified_time\" content=\"2026-05-07T10:38:07+00:00\" \/>\n<meta property=\"og:image\" content=\"https:\/\/ladianaclubdecaza.com\/wp-content\/uploads\/2025\/04\/ladiana-3.png\" \/>\n\t<meta property=\"og:image:width\" content=\"50\" \/>\n\t<meta property=\"og:image:height\" content=\"50\" \/>\n\t<meta property=\"og:image:type\" content=\"image\/png\" \/>\n<meta name=\"twitter:card\" content=\"summary_large_image\" \/>\n<script type=\"application\/ld+json\" class=\"yoast-schema-graph\">{\"@context\":\"https:\\\/\\\/schema.org\",\"@graph\":[{\"@type\":\"WebPage\",\"@id\":\"https:\\\/\\\/ladianaclubdecaza.com\\\/fr\\\/resultats-du-tirage-au-sort\\\/\",\"url\":\"https:\\\/\\\/ladianaclubdecaza.com\\\/fr\\\/resultats-du-tirage-au-sort\\\/\",\"name\":\"R\u00e9sultats du tirage au sort - Armer\u00eda la Diana\",\"isPartOf\":{\"@id\":\"https:\\\/\\\/ladianaclubdecaza.com\\\/fr\\\/#website\"},\"primaryImageOfPage\":{\"@id\":\"https:\\\/\\\/ladianaclubdecaza.com\\\/fr\\\/resultats-du-tirage-au-sort\\\/#primaryimage\"},\"image\":{\"@id\":\"https:\\\/\\\/ladianaclubdecaza.com\\\/fr\\\/resultats-du-tirage-au-sort\\\/#primaryimage\"},\"thumbnailUrl\":\"https:\\\/\\\/ladianaclubdecaza.com\\\/wp-content\\\/uploads\\\/2025\\\/04\\\/ladiana-3.png\",\"datePublished\":\"2025-04-19T10:16:12+00:00\",\"dateModified\":\"2026-05-07T10:38:07+00:00\",\"description\":\"R\u00e9sultats Listes des laur\u00e9ats. Mis \u00e0 jour le 07\\\/05\\\/2026 ...\",\"breadcrumb\":{\"@id\":\"https:\\\/\\\/ladianaclubdecaza.com\\\/fr\\\/resultats-du-tirage-au-sort\\\/#breadcrumb\"},\"inLanguage\":\"fr-FR\",\"potentialAction\":[{\"@type\":\"ReadAction\",\"target\":[\"https:\\\/\\\/ladianaclubdecaza.com\\\/fr\\\/resultats-du-tirage-au-sort\\\/\"]}]},{\"@type\":\"ImageObject\",\"inLanguage\":\"fr-FR\",\"@id\":\"https:\\\/\\\/ladianaclubdecaza.com\\\/fr\\\/resultats-du-tirage-au-sort\\\/#primaryimage\",\"url\":\"https:\\\/\\\/ladianaclubdecaza.com\\\/wp-content\\\/uploads\\\/2025\\\/04\\\/ladiana-3.png\",\"contentUrl\":\"https:\\\/\\\/ladianaclubdecaza.com\\\/wp-content\\\/uploads\\\/2025\\\/04\\\/ladiana-3.png\"},{\"@type\":\"BreadcrumbList\",\"@id\":\"https:\\\/\\\/ladianaclubdecaza.com\\\/fr\\\/resultats-du-tirage-au-sort\\\/#breadcrumb\",\"itemListElement\":[{\"@type\":\"ListItem\",\"position\":1,\"name\":\"Inicio\",\"item\":\"https:\\\/\\\/ladianaclubdecaza.com\\\/fr\\\/\"},{\"@type\":\"ListItem\",\"position\":2,\"name\":\"R\u00e9sultats du tirage au sort\"}]},{\"@type\":\"WebSite\",\"@id\":\"https:\\\/\\\/ladianaclubdecaza.com\\\/fr\\\/#website\",\"url\":\"https:\\\/\\\/ladianaclubdecaza.com\\\/fr\\\/\",\"name\":\"Armer\u00eda la Diana\",\"description\":\"Grande chasse club\\n\",\"publisher\":{\"@id\":\"https:\\\/\\\/ladianaclubdecaza.com\\\/fr\\\/#organization\"},\"potentialAction\":[{\"@type\":\"SearchAction\",\"target\":{\"@type\":\"EntryPoint\",\"urlTemplate\":\"https:\\\/\\\/ladianaclubdecaza.com\\\/fr\\\/?s={search_term_string}\"},\"query-input\":{\"@type\":\"PropertyValueSpecification\",\"valueRequired\":true,\"valueName\":\"search_term_string\"}}],\"inLanguage\":\"fr-FR\"},{\"@type\":\"Organization\",\"@id\":\"https:\\\/\\\/ladianaclubdecaza.com\\\/fr\\\/#organization\",\"name\":\"Armer\u00eda la Diana\",\"url\":\"https:\\\/\\\/ladianaclubdecaza.com\\\/fr\\\/\",\"logo\":{\"@type\":\"ImageObject\",\"inLanguage\":\"fr-FR\",\"@id\":\"https:\\\/\\\/ladianaclubdecaza.com\\\/fr\\\/#\\\/schema\\\/logo\\\/image\\\/\",\"url\":\"https:\\\/\\\/ladianaclubdecaza.com\\\/wp-content\\\/uploads\\\/2024\\\/12\\\/Logo_LD.png\",\"contentUrl\":\"https:\\\/\\\/ladianaclubdecaza.com\\\/wp-content\\\/uploads\\\/2024\\\/12\\\/Logo_LD.png\",\"width\":310,\"height\":100,\"caption\":\"Armer\u00eda la Diana\"},\"image\":{\"@id\":\"https:\\\/\\\/ladianaclubdecaza.com\\\/fr\\\/#\\\/schema\\\/logo\\\/image\\\/\"}}]}<\/script>\n<!-- \/ Yoast SEO plugin. -->","yoast_head_json":{"title":"R\u00e9sultats du tirage au sort - Armer\u00eda la Diana","description":"R\u00e9sultats Listes des laur\u00e9ats. Mis \u00e0 jour le 07\/05\/2026 ...","robots":{"index":"index","follow":"follow","max-snippet":"max-snippet:-1","max-image-preview":"max-image-preview:large","max-video-preview":"max-video-preview:-1"},"canonical":"https:\/\/ladianaclubdecaza.com\/fr\/resultats-du-tirage-au-sort\/","og_locale":"fr_FR","og_type":"article","og_title":"R\u00e9sultats du tirage au sort - Armer\u00eda la Diana","og_description":"R\u00e9sultats Listes des laur\u00e9ats. Mis \u00e0 jour le 07\/05\/2026 ...","og_url":"https:\/\/ladianaclubdecaza.com\/fr\/resultats-du-tirage-au-sort\/","og_site_name":"Armer\u00eda la Diana","article_modified_time":"2026-05-07T10:38:07+00:00","og_image":[{"width":50,"height":50,"url":"https:\/\/ladianaclubdecaza.com\/wp-content\/uploads\/2025\/04\/ladiana-3.png","type":"image\/png"}],"twitter_card":"summary_large_image","schema":{"@context":"https:\/\/schema.org","@graph":[{"@type":"WebPage","@id":"https:\/\/ladianaclubdecaza.com\/fr\/resultats-du-tirage-au-sort\/","url":"https:\/\/ladianaclubdecaza.com\/fr\/resultats-du-tirage-au-sort\/","name":"R\u00e9sultats du tirage au sort - Armer\u00eda la Diana","isPartOf":{"@id":"https:\/\/ladianaclubdecaza.com\/fr\/#website"},"primaryImageOfPage":{"@id":"https:\/\/ladianaclubdecaza.com\/fr\/resultats-du-tirage-au-sort\/#primaryimage"},"image":{"@id":"https:\/\/ladianaclubdecaza.com\/fr\/resultats-du-tirage-au-sort\/#primaryimage"},"thumbnailUrl":"https:\/\/ladianaclubdecaza.com\/wp-content\/uploads\/2025\/04\/ladiana-3.png","datePublished":"2025-04-19T10:16:12+00:00","dateModified":"2026-05-07T10:38:07+00:00","description":"R\u00e9sultats Listes des laur\u00e9ats. Mis \u00e0 jour le 07\/05\/2026 ...","breadcrumb":{"@id":"https:\/\/ladianaclubdecaza.com\/fr\/resultats-du-tirage-au-sort\/#breadcrumb"},"inLanguage":"fr-FR","potentialAction":[{"@type":"ReadAction","target":["https:\/\/ladianaclubdecaza.com\/fr\/resultats-du-tirage-au-sort\/"]}]},{"@type":"ImageObject","inLanguage":"fr-FR","@id":"https:\/\/ladianaclubdecaza.com\/fr\/resultats-du-tirage-au-sort\/#primaryimage","url":"https:\/\/ladianaclubdecaza.com\/wp-content\/uploads\/2025\/04\/ladiana-3.png","contentUrl":"https:\/\/ladianaclubdecaza.com\/wp-content\/uploads\/2025\/04\/ladiana-3.png"},{"@type":"BreadcrumbList","@id":"https:\/\/ladianaclubdecaza.com\/fr\/resultats-du-tirage-au-sort\/#breadcrumb","itemListElement":[{"@type":"ListItem","position":1,"name":"Inicio","item":"https:\/\/ladianaclubdecaza.com\/fr\/"},{"@type":"ListItem","position":2,"name":"R\u00e9sultats du tirage au sort"}]},{"@type":"WebSite","@id":"https:\/\/ladianaclubdecaza.com\/fr\/#website","url":"https:\/\/ladianaclubdecaza.com\/fr\/","name":"Armer\u00eda la Diana","description":"Grande chasse club\n","publisher":{"@id":"https:\/\/ladianaclubdecaza.com\/fr\/#organization"},"potentialAction":[{"@type":"SearchAction","target":{"@type":"EntryPoint","urlTemplate":"https:\/\/ladianaclubdecaza.com\/fr\/?s={search_term_string}"},"query-input":{"@type":"PropertyValueSpecification","valueRequired":true,"valueName":"search_term_string"}}],"inLanguage":"fr-FR"},{"@type":"Organization","@id":"https:\/\/ladianaclubdecaza.com\/fr\/#organization","name":"Armer\u00eda la Diana","url":"https:\/\/ladianaclubdecaza.com\/fr\/","logo":{"@type":"ImageObject","inLanguage":"fr-FR","@id":"https:\/\/ladianaclubdecaza.com\/fr\/#\/schema\/logo\/image\/","url":"https:\/\/ladianaclubdecaza.com\/wp-content\/uploads\/2024\/12\/Logo_LD.png","contentUrl":"https:\/\/ladianaclubdecaza.com\/wp-content\/uploads\/2024\/12\/Logo_LD.png","width":310,"height":100,"caption":"Armer\u00eda la Diana"},"image":{"@id":"https:\/\/ladianaclubdecaza.com\/fr\/#\/schema\/logo\/image\/"}}]}},"_links":{"self":[{"href":"https:\/\/ladianaclubdecaza.com\/fr\/wp-json\/wp\/v2\/pages\/5190","targetHints":{"allow":["GET"]}}],"collection":[{"href":"https:\/\/ladianaclubdecaza.com\/fr\/wp-json\/wp\/v2\/pages"}],"about":[{"href":"https:\/\/ladianaclubdecaza.com\/fr\/wp-json\/wp\/v2\/types\/page"}],"author":[{"embeddable":true,"href":"https:\/\/ladianaclubdecaza.com\/fr\/wp-json\/wp\/v2\/users\/1"}],"replies":[{"embeddable":true,"href":"https:\/\/ladianaclubdecaza.com\/fr\/wp-json\/wp\/v2\/comments?post=5190"}],"version-history":[{"count":10,"href":"https:\/\/ladianaclubdecaza.com\/fr\/wp-json\/wp\/v2\/pages\/5190\/revisions"}],"predecessor-version":[{"id":6893,"href":"https:\/\/ladianaclubdecaza.com\/fr\/wp-json\/wp\/v2\/pages\/5190\/revisions\/6893"}],"wp:attachment":[{"href":"https:\/\/ladianaclubdecaza.com\/fr\/wp-json\/wp\/v2\/media?parent=5190"}],"curies":[{"name":"wp","href":"https:\/\/api.w.org\/{rel}","templated":true}]}}