{"id":6094,"date":"2024-12-16T17:35:26","date_gmt":"2024-12-16T16:35:26","guid":{"rendered":"https:\/\/ladianaclubdecaza.com\/legal-notice\/"},"modified":"2025-12-15T10:08:52","modified_gmt":"2025-12-15T09:08:52","slug":"legal-notice","status":"publish","type":"page","link":"https:\/\/ladianaclubdecaza.com\/en\/legal-notice\/","title":{"rendered":"Legal notice"},"content":{"rendered":"\n<!-- Legal document generated by Complianz | GDPR\/CCPA Cookie Consent https:\/\/wordpress.org\/plugins\/complianz-gdpr -->\n<div id=\"cmplz-document\" class=\"cmplz-document impressum cmplz-document-all\"><p><i>This imprint was last updated on 07\/05\/2025.<\/i><\/p><p class=\"cmplz-subtitle\">The owner of this website is:<\/p><p>Licencias Caza SL<br>C\/ Mar\u00eda Ll\u00e1cer 5 bajo<br>Spain<br>Email:&nbsp;<span class=\"cmplz-obfuscate\">ladia&#110;a&#099;lu&#098;&#100;e&#099;&#097;&#122;&#097;@<span class=\"cmplz-fmail-domain\">&#101;x&#046;&#099;&#111;m<\/span>li&#099;&#101;nc&#105;&#097;s4x6&#054;&#046;&#099;om<\/span><br>Phone number: 96 381 68 22<br>VAT ID:&nbsp;B98719156<\/p><h2>1. General<\/h2><p>We are not willing or obliged to participate in dispute resolution procedures before a consumer arbitration board.<\/p><h2>2. Additional information<\/h2><p>El presente sitio web: \u201chttps:\/\/www.ladianaclubdecaza.com\u201d es propiedad de Licencias Caza S.L., con domicilio en \" C\/Mar\u00eda Ll\u00e1cer 5, bajo derecha, 46007. Valencia con CIF: B98719156\"<br \/>\n<br \/>\nEl acceso a estos sitios web implica la aceptaci\u00f3n expresa del usuario a las presentes Condiciones de Uso, que podr\u00e1n ser modificadas o actualizadas por el titular en cualquier momento y sin previo aviso.<br \/>\n<br \/>\n<h2>Propiedad Intelectual e Industrial<\/h2><br \/>\n<br \/>\nLos contenidos, documentaci\u00f3n, programaci\u00f3n\/c\u00f3digo de los presentes sitios web, as\u00ed como las im\u00e1genes, gr\u00e1ficos, marcas, logos y dise\u00f1o, son propiedad de Licencias Caza SL y est\u00e1n debidamente protegidos conforme a la normativa espa\u00f1ola e internacional sobre Propiedad Intelectual e Industrial. Las personas o entidades que remitan cualquier tipo de informaci\u00f3n o contenido a Licencias Caza SL se comprometen a que dicha informaci\u00f3n sea veraz y que no infrinja los derechos de terceros ni sea contraria a la ley y el orden p\u00fablico.<br \/>\n<br \/>\nSi crees que cualquier contenido y\/o informaci\u00f3n en estos sitios web vulnera un derecho leg\u00edtimo o la normativa vigente, no dudes en ponerte en contacto con nosotros:<br \/>\n<br \/>\nDirecci\u00f3n: C\/Mar\u00eda Ll\u00e1cer 5, bajo derecha, Valencia<br \/>\nTel\u00e9fono: +34 96 381 68 22.<br \/>\nCorreo electr\u00f3nico: ladianaclubdecaza@licencias4x66.com<br \/>\n<br \/>\n<h2>Jurisdicci\u00f3n<\/h2><br \/>\n<br \/>\nCualquier controversia o conflicto que pudiera derivarse de la interpretaci\u00f3n y cumplimiento de estas Condiciones de Uso ser\u00e1 sometido a la jurisdicci\u00f3n de los Juzgados y Tribunales de Valencia (Espa\u00f1a).<br \/>\n<\/p><\/div>\n","protected":false},"excerpt":{"rendered":"","protected":false},"author":1,"featured_media":0,"parent":0,"menu_order":0,"comment_status":"closed","ping_status":"closed","template":"","meta":{"_acf_changed":false,"footnotes":""},"class_list":["post-6094","page","type-page","status-publish","hentry"],"acf":[],"yoast_head":"<!-- This site is optimized with the Yoast SEO plugin v27.3 - https:\/\/yoast.com\/product\/yoast-seo-wordpress\/ -->\n<title>Legal notice - Armer\u00eda la Diana<\/title>\n<meta name=\"description\" content=\"...\" \/>\n<meta name=\"robots\" content=\"index, follow, max-snippet:-1, max-image-preview:large, max-video-preview:-1\" \/>\n<link rel=\"canonical\" href=\"https:\/\/ladianaclubdecaza.com\/en\/legal-notice\/\" \/>\n<meta property=\"og:locale\" content=\"en_US\" \/>\n<meta property=\"og:type\" content=\"article\" \/>\n<meta property=\"og:title\" content=\"Legal notice - Armer\u00eda la Diana\" \/>\n<meta property=\"og:description\" content=\"...\" \/>\n<meta property=\"og:url\" content=\"https:\/\/ladianaclubdecaza.com\/en\/legal-notice\/\" \/>\n<meta property=\"og:site_name\" content=\"Armer\u00eda la Diana\" \/>\n<meta property=\"article:modified_time\" content=\"2025-12-15T09:08:52+00:00\" \/>\n<meta name=\"twitter:card\" content=\"summary_large_image\" \/>\n<script type=\"application\/ld+json\" class=\"yoast-schema-graph\">{\"@context\":\"https:\\\/\\\/schema.org\",\"@graph\":[{\"@type\":\"WebPage\",\"@id\":\"https:\\\/\\\/ladianaclubdecaza.com\\\/en\\\/legal-notice\\\/\",\"url\":\"https:\\\/\\\/ladianaclubdecaza.com\\\/en\\\/legal-notice\\\/\",\"name\":\"Legal notice - Armer\u00eda la Diana\",\"isPartOf\":{\"@id\":\"https:\\\/\\\/ladianaclubdecaza.com\\\/en\\\/#website\"},\"datePublished\":\"2024-12-16T16:35:26+00:00\",\"dateModified\":\"2025-12-15T09:08:52+00:00\",\"description\":\"...\",\"breadcrumb\":{\"@id\":\"https:\\\/\\\/ladianaclubdecaza.com\\\/en\\\/legal-notice\\\/#breadcrumb\"},\"inLanguage\":\"en-US\",\"potentialAction\":[{\"@type\":\"ReadAction\",\"target\":[\"https:\\\/\\\/ladianaclubdecaza.com\\\/en\\\/legal-notice\\\/\"]}]},{\"@type\":\"BreadcrumbList\",\"@id\":\"https:\\\/\\\/ladianaclubdecaza.com\\\/en\\\/legal-notice\\\/#breadcrumb\",\"itemListElement\":[{\"@type\":\"ListItem\",\"position\":1,\"name\":\"Inicio\",\"item\":\"https:\\\/\\\/ladianaclubdecaza.com\\\/en\\\/\"},{\"@type\":\"ListItem\",\"position\":2,\"name\":\"Legal notice\"}]},{\"@type\":\"WebSite\",\"@id\":\"https:\\\/\\\/ladianaclubdecaza.com\\\/en\\\/#website\",\"url\":\"https:\\\/\\\/ladianaclubdecaza.com\\\/en\\\/\",\"name\":\"Armer\u00eda la Diana\",\"description\":\"Big game hunting Club\\n\",\"publisher\":{\"@id\":\"https:\\\/\\\/ladianaclubdecaza.com\\\/en\\\/#organization\"},\"potentialAction\":[{\"@type\":\"SearchAction\",\"target\":{\"@type\":\"EntryPoint\",\"urlTemplate\":\"https:\\\/\\\/ladianaclubdecaza.com\\\/en\\\/?s={search_term_string}\"},\"query-input\":{\"@type\":\"PropertyValueSpecification\",\"valueRequired\":true,\"valueName\":\"search_term_string\"}}],\"inLanguage\":\"en-US\"},{\"@type\":\"Organization\",\"@id\":\"https:\\\/\\\/ladianaclubdecaza.com\\\/en\\\/#organization\",\"name\":\"Armer\u00eda la Diana\",\"url\":\"https:\\\/\\\/ladianaclubdecaza.com\\\/en\\\/\",\"logo\":{\"@type\":\"ImageObject\",\"inLanguage\":\"en-US\",\"@id\":\"https:\\\/\\\/ladianaclubdecaza.com\\\/en\\\/#\\\/schema\\\/logo\\\/image\\\/\",\"url\":\"https:\\\/\\\/ladianaclubdecaza.com\\\/wp-content\\\/uploads\\\/2024\\\/12\\\/Logo_LD.png\",\"contentUrl\":\"https:\\\/\\\/ladianaclubdecaza.com\\\/wp-content\\\/uploads\\\/2024\\\/12\\\/Logo_LD.png\",\"width\":310,\"height\":100,\"caption\":\"Armer\u00eda la Diana\"},\"image\":{\"@id\":\"https:\\\/\\\/ladianaclubdecaza.com\\\/en\\\/#\\\/schema\\\/logo\\\/image\\\/\"}}]}<\/script>\n<!-- \/ Yoast SEO plugin. -->","yoast_head_json":{"title":"Legal notice - Armer\u00eda la Diana","description":"...","robots":{"index":"index","follow":"follow","max-snippet":"max-snippet:-1","max-image-preview":"max-image-preview:large","max-video-preview":"max-video-preview:-1"},"canonical":"https:\/\/ladianaclubdecaza.com\/en\/legal-notice\/","og_locale":"en_US","og_type":"article","og_title":"Legal notice - Armer\u00eda la Diana","og_description":"...","og_url":"https:\/\/ladianaclubdecaza.com\/en\/legal-notice\/","og_site_name":"Armer\u00eda la Diana","article_modified_time":"2025-12-15T09:08:52+00:00","twitter_card":"summary_large_image","schema":{"@context":"https:\/\/schema.org","@graph":[{"@type":"WebPage","@id":"https:\/\/ladianaclubdecaza.com\/en\/legal-notice\/","url":"https:\/\/ladianaclubdecaza.com\/en\/legal-notice\/","name":"Legal notice - Armer\u00eda la Diana","isPartOf":{"@id":"https:\/\/ladianaclubdecaza.com\/en\/#website"},"datePublished":"2024-12-16T16:35:26+00:00","dateModified":"2025-12-15T09:08:52+00:00","description":"...","breadcrumb":{"@id":"https:\/\/ladianaclubdecaza.com\/en\/legal-notice\/#breadcrumb"},"inLanguage":"en-US","potentialAction":[{"@type":"ReadAction","target":["https:\/\/ladianaclubdecaza.com\/en\/legal-notice\/"]}]},{"@type":"BreadcrumbList","@id":"https:\/\/ladianaclubdecaza.com\/en\/legal-notice\/#breadcrumb","itemListElement":[{"@type":"ListItem","position":1,"name":"Inicio","item":"https:\/\/ladianaclubdecaza.com\/en\/"},{"@type":"ListItem","position":2,"name":"Legal notice"}]},{"@type":"WebSite","@id":"https:\/\/ladianaclubdecaza.com\/en\/#website","url":"https:\/\/ladianaclubdecaza.com\/en\/","name":"Armer\u00eda la Diana","description":"Big game hunting Club\n","publisher":{"@id":"https:\/\/ladianaclubdecaza.com\/en\/#organization"},"potentialAction":[{"@type":"SearchAction","target":{"@type":"EntryPoint","urlTemplate":"https:\/\/ladianaclubdecaza.com\/en\/?s={search_term_string}"},"query-input":{"@type":"PropertyValueSpecification","valueRequired":true,"valueName":"search_term_string"}}],"inLanguage":"en-US"},{"@type":"Organization","@id":"https:\/\/ladianaclubdecaza.com\/en\/#organization","name":"Armer\u00eda la Diana","url":"https:\/\/ladianaclubdecaza.com\/en\/","logo":{"@type":"ImageObject","inLanguage":"en-US","@id":"https:\/\/ladianaclubdecaza.com\/en\/#\/schema\/logo\/image\/","url":"https:\/\/ladianaclubdecaza.com\/wp-content\/uploads\/2024\/12\/Logo_LD.png","contentUrl":"https:\/\/ladianaclubdecaza.com\/wp-content\/uploads\/2024\/12\/Logo_LD.png","width":310,"height":100,"caption":"Armer\u00eda la Diana"},"image":{"@id":"https:\/\/ladianaclubdecaza.com\/en\/#\/schema\/logo\/image\/"}}]}},"_links":{"self":[{"href":"https:\/\/ladianaclubdecaza.com\/en\/wp-json\/wp\/v2\/pages\/6094","targetHints":{"allow":["GET"]}}],"collection":[{"href":"https:\/\/ladianaclubdecaza.com\/en\/wp-json\/wp\/v2\/pages"}],"about":[{"href":"https:\/\/ladianaclubdecaza.com\/en\/wp-json\/wp\/v2\/types\/page"}],"author":[{"embeddable":true,"href":"https:\/\/ladianaclubdecaza.com\/en\/wp-json\/wp\/v2\/users\/1"}],"replies":[{"embeddable":true,"href":"https:\/\/ladianaclubdecaza.com\/en\/wp-json\/wp\/v2\/comments?post=6094"}],"version-history":[{"count":1,"href":"https:\/\/ladianaclubdecaza.com\/en\/wp-json\/wp\/v2\/pages\/6094\/revisions"}],"predecessor-version":[{"id":6310,"href":"https:\/\/ladianaclubdecaza.com\/en\/wp-json\/wp\/v2\/pages\/6094\/revisions\/6310"}],"wp:attachment":[{"href":"https:\/\/ladianaclubdecaza.com\/en\/wp-json\/wp\/v2\/media?parent=6094"}],"curies":[{"name":"wp","href":"https:\/\/api.w.org\/{rel}","templated":true}]}}